{"id":8,"date":"2022-11-24T16:09:04","date_gmt":"2022-11-24T15:09:04","guid":{"rendered":"http:\/\/cpgroup.fr\/?page_id=8"},"modified":"2025-04-11T11:27:08","modified_gmt":"2025-04-11T09:27:08","slug":"contact","status":"publish","type":"page","link":"https:\/\/cpgroup.fr\/index.php\/contact\/","title":{"rendered":"Contact"},"content":{"rendered":"\t\t<div data-elementor-type=\"wp-page\" data-elementor-id=\"8\" class=\"elementor elementor-8\">\n\t\t\t\t<div class=\"elementor-element elementor-element-318399f e-flex e-con-boxed e-con e-parent\" data-id=\"318399f\" data-element_type=\"container\">\n\t\t\t\t\t<div class=\"e-con-inner\">\n\t\t\t\t<div class=\"elementor-element elementor-element-c2bde32 elementor-widget elementor-widget-heading\" data-id=\"c2bde32\" data-element_type=\"widget\" data-widget_type=\"heading.default\">\n\t\t\t\t<div class=\"elementor-widget-container\">\n\t\t\t\t\t<h2 class=\"elementor-heading-title elementor-size-default\">Nous Contacter<\/h2>\t\t\t\t<\/div>\n\t\t\t\t<\/div>\n\t\t\t\t\t<\/div>\n\t\t\t\t<\/div>\n\t\t<div class=\"elementor-element elementor-element-dce9ab4 e-con-full e-flex e-con e-parent\" data-id=\"dce9ab4\" data-element_type=\"container\">\n\t\t\t\t<div class=\"elementor-element elementor-element-6d9ce5d elementor-widget elementor-widget-text-editor\" data-id=\"6d9ce5d\" data-element_type=\"widget\" data-widget_type=\"text-editor.default\">\n\t\t\t\t<div class=\"elementor-widget-container\">\n\t\t\t\t\t\t\t\t\t<p class=\"p1\"><span style=\"text-decoration: underline;\">T\u00e9l\u00e9phone : <\/span><\/p>\n<p class=\"p1\">07 72 12 24 52<\/p>\n<p><span style=\"text-decoration: underline;\">Adresse mail :<\/span><\/p>\n<p>contact@cpgroup.fr<\/p>\n<p class=\"p4\">\u00a0<\/p>\t\t\t\t\t\t\t\t<\/div>\n\t\t\t\t<\/div>\n\t\t<div class=\"elementor-element elementor-element-a8d716a e-flex e-con-boxed e-con e-child\" data-id=\"a8d716a\" data-element_type=\"container\">\n\t\t\t\t\t<div class=\"e-con-inner\">\n\t\t\t\t<div class=\"elementor-element elementor-element-9698975 elementor-widget elementor-widget-heading\" data-id=\"9698975\" data-element_type=\"widget\" data-widget_type=\"heading.default\">\n\t\t\t\t<div class=\"elementor-widget-container\">\n\t\t\t\t\t<h2 class=\"elementor-heading-title elementor-size-default\">Nos r\u00e9seaux sociaux <\/h2>\t\t\t\t<\/div>\n\t\t\t\t<\/div>\n\t\t\t\t<div class=\"elementor-element elementor-element-20bf61b elementor-widget elementor-widget-elementskit-social-media\" data-id=\"20bf61b\" data-element_type=\"widget\" data-widget_type=\"elementskit-social-media.default\">\n\t\t\t\t<div class=\"elementor-widget-container\">\n\t\t\t\t\t<div class=\"ekit-wid-con\" >\t\t\t <ul class=\"ekit_social_media\">\n\t\t\t\t\t\t\t\t\t\t\t\t\t\t<li class=\"elementor-repeater-item-0bd4992\">\n\t\t\t\t\t    <a\n\t\t\t\t\t\thref=\"https:\/\/www.facebook.com\/search\/top?q=cpgroup%20maintenance%20industrielle&#038;locale=fr_FR\" aria-label=\"Facebook\" class=\"facebook\" >\n\t\t\t\t\t\t\t\t\t\t\t\t\t\t\n\t\t\t\t\t\t\t<i aria-hidden=\"true\" class=\"icon icon-facebook\"><\/i>\t\t\t\t\t\t\t\t\t\n                                                                                                            <\/a>\n                    <\/li>\n                    \t\t\t\t\t\t\t\t\t\t\t\t\t\t<li class=\"elementor-repeater-item-8585aaa\">\n\t\t\t\t\t    <a\n\t\t\t\t\t\thref=\"https:\/\/facebook.com\" aria-label=\"LinkedIn\" class=\"linkedin\" >\n\t\t\t\t\t\t\t\t\t\t\t\t\t\t\n\t\t\t\t\t\t\t<i aria-hidden=\"true\" class=\"icon icon-linkedin\"><\/i>\t\t\t\t\t\t\t\t\t\n                                                                                                            <\/a>\n                    <\/li>\n                    \t\t\t\t\t\t\t<\/ul>\n\t\t<\/div>\t\t\t\t<\/div>\n\t\t\t\t<\/div>\n\t\t\t\t\t<\/div>\n\t\t\t\t<\/div>\n\t\t\t\t<\/div>\n\t\t\t\t<\/div>\n\t\t","protected":false},"excerpt":{"rendered":"<p>Nous Contacter T\u00e9l\u00e9phone : 07 72 12 24 52 Adresse mail : contact@cpgroup.fr \u00a0 Nos r\u00e9seaux sociaux<\/p>\n","protected":false},"author":1,"featured_media":0,"parent":0,"menu_order":0,"comment_status":"closed","ping_status":"closed","template":"elementor_header_footer","meta":{"ocean_post_layout":"","ocean_both_sidebars_style":"","ocean_both_sidebars_content_width":0,"ocean_both_sidebars_sidebars_width":0,"ocean_sidebar":"","ocean_second_sidebar":"","ocean_disable_margins":"enable","ocean_add_body_class":"","ocean_shortcode_before_top_bar":"","ocean_shortcode_after_top_bar":"","ocean_shortcode_before_header":"","ocean_shortcode_after_header":"","ocean_has_shortcode":"","ocean_shortcode_after_title":"","ocean_shortcode_before_footer_widgets":"","ocean_shortcode_after_footer_widgets":"","ocean_shortcode_before_footer_bottom":"","ocean_shortcode_after_footer_bottom":"","ocean_display_top_bar":"default","ocean_display_header":"default","ocean_header_style":"","ocean_center_header_left_menu":"","ocean_custom_header_template":"","ocean_custom_logo":0,"ocean_custom_retina_logo":0,"ocean_custom_logo_max_width":0,"ocean_custom_logo_tablet_max_width":0,"ocean_custom_logo_mobile_max_width":0,"ocean_custom_logo_max_height":0,"ocean_custom_logo_tablet_max_height":0,"ocean_custom_logo_mobile_max_height":0,"ocean_header_custom_menu":"","ocean_menu_typo_font_family":"","ocean_menu_typo_font_subset":"","ocean_menu_typo_font_size":0,"ocean_menu_typo_font_size_tablet":0,"ocean_menu_typo_font_size_mobile":0,"ocean_menu_typo_font_size_unit":"px","ocean_menu_typo_font_weight":"","ocean_menu_typo_font_weight_tablet":"","ocean_menu_typo_font_weight_mobile":"","ocean_menu_typo_transform":"","ocean_menu_typo_transform_tablet":"","ocean_menu_typo_transform_mobile":"","ocean_menu_typo_line_height":0,"ocean_menu_typo_line_height_tablet":0,"ocean_menu_typo_line_height_mobile":0,"ocean_menu_typo_line_height_unit":"","ocean_menu_typo_spacing":0,"ocean_menu_typo_spacing_tablet":0,"ocean_menu_typo_spacing_mobile":0,"ocean_menu_typo_spacing_unit":"","ocean_menu_link_color":"","ocean_menu_link_color_hover":"","ocean_menu_link_color_active":"","ocean_menu_link_background":"","ocean_menu_link_hover_background":"","ocean_menu_link_active_background":"","ocean_menu_social_links_bg":"","ocean_menu_social_hover_links_bg":"","ocean_menu_social_links_color":"","ocean_menu_social_hover_links_color":"","ocean_disable_title":"default","ocean_disable_heading":"default","ocean_post_title":"","ocean_post_subheading":"","ocean_post_title_style":"","ocean_post_title_background_color":"","ocean_post_title_background":0,"ocean_post_title_bg_image_position":"","ocean_post_title_bg_image_attachment":"","ocean_post_title_bg_image_repeat":"","ocean_post_title_bg_image_size":"","ocean_post_title_height":0,"ocean_post_title_bg_overlay":0.5,"ocean_post_title_bg_overlay_color":"","ocean_disable_breadcrumbs":"default","ocean_breadcrumbs_color":"","ocean_breadcrumbs_separator_color":"","ocean_breadcrumbs_links_color":"","ocean_breadcrumbs_links_hover_color":"","ocean_display_footer_widgets":"default","ocean_display_footer_bottom":"default","ocean_custom_footer_template":"","footnotes":""},"class_list":["post-8","page","type-page","status-publish","hentry","entry"],"yoast_head":"<!-- This site is optimized with the Yoast SEO plugin v25.2 - https:\/\/yoast.com\/wordpress\/plugins\/seo\/ -->\n<title>Contact - Une Solution Compl\u00e8te Pour Vos Besoins Industriels<\/title>\n<meta name=\"description\" content=\"CPGROUP, expert en maintenance industrielle, chaudronnerie, hydraulique, pneumatique et fermetures m\u00e9talliques, propose des solutions fiables, durables et sur-mesure. Am\u00e9liorez la performance de vos \u00e9quipements gr\u00e2ce \u00e0 un savoir-faire reconnu dans l\u2019industrie.\" \/>\n<meta name=\"robots\" content=\"index, follow, max-snippet:-1, max-image-preview:large, max-video-preview:-1\" \/>\n<link rel=\"canonical\" href=\"https:\/\/cpgroup.fr\/index.php\/contact\/\" \/>\n<meta property=\"og:locale\" content=\"fr_FR\" \/>\n<meta property=\"og:type\" content=\"article\" \/>\n<meta property=\"og:title\" content=\"Contact - Une Solution Compl\u00e8te Pour Vos Besoins Industriels\" \/>\n<meta property=\"og:description\" content=\"CPGROUP, expert en maintenance industrielle, chaudronnerie, hydraulique, pneumatique et fermetures m\u00e9talliques, propose des solutions fiables, durables et sur-mesure. Am\u00e9liorez la performance de vos \u00e9quipements gr\u00e2ce \u00e0 un savoir-faire reconnu dans l\u2019industrie.\" \/>\n<meta property=\"og:url\" content=\"https:\/\/cpgroup.fr\/index.php\/contact\/\" \/>\n<meta property=\"og:site_name\" content=\"CPGROUP\" \/>\n<meta property=\"article:publisher\" content=\"https:\/\/www.facebook.com\/cpgroupservicesindustrielhdf?locale=fr_FR\" \/>\n<meta property=\"article:modified_time\" content=\"2025-04-11T09:27:08+00:00\" \/>\n<meta property=\"og:image\" content=\"https:\/\/cpgroup.fr\/wp-content\/uploads\/2025\/04\/coeur-broderie-1.png\" \/>\n\t<meta property=\"og:image:width\" content=\"1295\" \/>\n\t<meta property=\"og:image:height\" content=\"599\" \/>\n\t<meta property=\"og:image:type\" content=\"image\/png\" \/>\n<meta name=\"twitter:card\" content=\"summary_large_image\" \/>\n<meta name=\"twitter:label1\" content=\"Dur\u00e9e de lecture estim\u00e9e\" \/>\n\t<meta name=\"twitter:data1\" content=\"1 minute\" \/>\n<script type=\"application\/ld+json\" class=\"yoast-schema-graph\">{\"@context\":\"https:\/\/schema.org\",\"@graph\":[{\"@type\":\"WebPage\",\"@id\":\"https:\/\/cpgroup.fr\/index.php\/contact\/\",\"url\":\"https:\/\/cpgroup.fr\/index.php\/contact\/\",\"name\":\"Contact - Une Solution Compl\u00e8te Pour Vos Besoins Industriels\",\"isPartOf\":{\"@id\":\"https:\/\/cpgroup.fr\/#website\"},\"datePublished\":\"2022-11-24T15:09:04+00:00\",\"dateModified\":\"2025-04-11T09:27:08+00:00\",\"description\":\"CPGROUP, expert en maintenance industrielle, chaudronnerie, hydraulique, pneumatique et fermetures m\u00e9talliques, propose des solutions fiables, durables et sur-mesure. Am\u00e9liorez la performance de vos \u00e9quipements gr\u00e2ce \u00e0 un savoir-faire reconnu dans l\u2019industrie.\",\"breadcrumb\":{\"@id\":\"https:\/\/cpgroup.fr\/index.php\/contact\/#breadcrumb\"},\"inLanguage\":\"fr-FR\",\"potentialAction\":[{\"@type\":\"ReadAction\",\"target\":[\"https:\/\/cpgroup.fr\/index.php\/contact\/\"]}]},{\"@type\":\"BreadcrumbList\",\"@id\":\"https:\/\/cpgroup.fr\/index.php\/contact\/#breadcrumb\",\"itemListElement\":[{\"@type\":\"ListItem\",\"position\":1,\"name\":\"Home\",\"item\":\"https:\/\/cpgroup.fr\/\"},{\"@type\":\"ListItem\",\"position\":2,\"name\":\"Contact\"}]},{\"@type\":\"WebSite\",\"@id\":\"https:\/\/cpgroup.fr\/#website\",\"url\":\"https:\/\/cpgroup.fr\/\",\"name\":\"CPGROUP\",\"description\":\"Une Solution Compl\u00e8te Pour Vos Besoins Industriels\",\"publisher\":{\"@id\":\"https:\/\/cpgroup.fr\/#organization\"},\"potentialAction\":[{\"@type\":\"SearchAction\",\"target\":{\"@type\":\"EntryPoint\",\"urlTemplate\":\"https:\/\/cpgroup.fr\/?s={search_term_string}\"},\"query-input\":{\"@type\":\"PropertyValueSpecification\",\"valueRequired\":true,\"valueName\":\"search_term_string\"}}],\"inLanguage\":\"fr-FR\"},{\"@type\":\"Organization\",\"@id\":\"https:\/\/cpgroup.fr\/#organization\",\"name\":\"CPGROUP\",\"url\":\"https:\/\/cpgroup.fr\/\",\"logo\":{\"@type\":\"ImageObject\",\"inLanguage\":\"fr-FR\",\"@id\":\"https:\/\/cpgroup.fr\/#\/schema\/logo\/image\/\",\"url\":\"http:\/\/cpgroup.fr\/wp-content\/uploads\/2025\/04\/coeur-broderie-1.png\",\"contentUrl\":\"http:\/\/cpgroup.fr\/wp-content\/uploads\/2025\/04\/coeur-broderie-1.png\",\"width\":1295,\"height\":599,\"caption\":\"CPGROUP\"},\"image\":{\"@id\":\"https:\/\/cpgroup.fr\/#\/schema\/logo\/image\/\"},\"sameAs\":[\"https:\/\/www.facebook.com\/cpgroupservicesindustrielhdf?locale=fr_FR\"]}]}<\/script>\n<!-- \/ Yoast SEO plugin. -->","yoast_head_json":{"title":"Contact - Une Solution Compl\u00e8te Pour Vos Besoins Industriels","description":"CPGROUP, expert en maintenance industrielle, chaudronnerie, hydraulique, pneumatique et fermetures m\u00e9talliques, propose des solutions fiables, durables et sur-mesure. Am\u00e9liorez la performance de vos \u00e9quipements gr\u00e2ce \u00e0 un savoir-faire reconnu dans l\u2019industrie.","robots":{"index":"index","follow":"follow","max-snippet":"max-snippet:-1","max-image-preview":"max-image-preview:large","max-video-preview":"max-video-preview:-1"},"canonical":"https:\/\/cpgroup.fr\/index.php\/contact\/","og_locale":"fr_FR","og_type":"article","og_title":"Contact - Une Solution Compl\u00e8te Pour Vos Besoins Industriels","og_description":"CPGROUP, expert en maintenance industrielle, chaudronnerie, hydraulique, pneumatique et fermetures m\u00e9talliques, propose des solutions fiables, durables et sur-mesure. Am\u00e9liorez la performance de vos \u00e9quipements gr\u00e2ce \u00e0 un savoir-faire reconnu dans l\u2019industrie.","og_url":"https:\/\/cpgroup.fr\/index.php\/contact\/","og_site_name":"CPGROUP","article_publisher":"https:\/\/www.facebook.com\/cpgroupservicesindustrielhdf?locale=fr_FR","article_modified_time":"2025-04-11T09:27:08+00:00","og_image":[{"width":1295,"height":599,"url":"https:\/\/cpgroup.fr\/wp-content\/uploads\/2025\/04\/coeur-broderie-1.png","type":"image\/png"}],"twitter_card":"summary_large_image","twitter_misc":{"Dur\u00e9e de lecture estim\u00e9e":"1 minute"},"schema":{"@context":"https:\/\/schema.org","@graph":[{"@type":"WebPage","@id":"https:\/\/cpgroup.fr\/index.php\/contact\/","url":"https:\/\/cpgroup.fr\/index.php\/contact\/","name":"Contact - Une Solution Compl\u00e8te Pour Vos Besoins Industriels","isPartOf":{"@id":"https:\/\/cpgroup.fr\/#website"},"datePublished":"2022-11-24T15:09:04+00:00","dateModified":"2025-04-11T09:27:08+00:00","description":"CPGROUP, expert en maintenance industrielle, chaudronnerie, hydraulique, pneumatique et fermetures m\u00e9talliques, propose des solutions fiables, durables et sur-mesure. Am\u00e9liorez la performance de vos \u00e9quipements gr\u00e2ce \u00e0 un savoir-faire reconnu dans l\u2019industrie.","breadcrumb":{"@id":"https:\/\/cpgroup.fr\/index.php\/contact\/#breadcrumb"},"inLanguage":"fr-FR","potentialAction":[{"@type":"ReadAction","target":["https:\/\/cpgroup.fr\/index.php\/contact\/"]}]},{"@type":"BreadcrumbList","@id":"https:\/\/cpgroup.fr\/index.php\/contact\/#breadcrumb","itemListElement":[{"@type":"ListItem","position":1,"name":"Home","item":"https:\/\/cpgroup.fr\/"},{"@type":"ListItem","position":2,"name":"Contact"}]},{"@type":"WebSite","@id":"https:\/\/cpgroup.fr\/#website","url":"https:\/\/cpgroup.fr\/","name":"CPGROUP","description":"Une Solution Compl\u00e8te Pour Vos Besoins Industriels","publisher":{"@id":"https:\/\/cpgroup.fr\/#organization"},"potentialAction":[{"@type":"SearchAction","target":{"@type":"EntryPoint","urlTemplate":"https:\/\/cpgroup.fr\/?s={search_term_string}"},"query-input":{"@type":"PropertyValueSpecification","valueRequired":true,"valueName":"search_term_string"}}],"inLanguage":"fr-FR"},{"@type":"Organization","@id":"https:\/\/cpgroup.fr\/#organization","name":"CPGROUP","url":"https:\/\/cpgroup.fr\/","logo":{"@type":"ImageObject","inLanguage":"fr-FR","@id":"https:\/\/cpgroup.fr\/#\/schema\/logo\/image\/","url":"http:\/\/cpgroup.fr\/wp-content\/uploads\/2025\/04\/coeur-broderie-1.png","contentUrl":"http:\/\/cpgroup.fr\/wp-content\/uploads\/2025\/04\/coeur-broderie-1.png","width":1295,"height":599,"caption":"CPGROUP"},"image":{"@id":"https:\/\/cpgroup.fr\/#\/schema\/logo\/image\/"},"sameAs":["https:\/\/www.facebook.com\/cpgroupservicesindustrielhdf?locale=fr_FR"]}]}},"_links":{"self":[{"href":"https:\/\/cpgroup.fr\/index.php\/wp-json\/wp\/v2\/pages\/8","targetHints":{"allow":["GET"]}}],"collection":[{"href":"https:\/\/cpgroup.fr\/index.php\/wp-json\/wp\/v2\/pages"}],"about":[{"href":"https:\/\/cpgroup.fr\/index.php\/wp-json\/wp\/v2\/types\/page"}],"author":[{"embeddable":true,"href":"https:\/\/cpgroup.fr\/index.php\/wp-json\/wp\/v2\/users\/1"}],"replies":[{"embeddable":true,"href":"https:\/\/cpgroup.fr\/index.php\/wp-json\/wp\/v2\/comments?post=8"}],"version-history":[{"count":20,"href":"https:\/\/cpgroup.fr\/index.php\/wp-json\/wp\/v2\/pages\/8\/revisions"}],"predecessor-version":[{"id":533,"href":"https:\/\/cpgroup.fr\/index.php\/wp-json\/wp\/v2\/pages\/8\/revisions\/533"}],"wp:attachment":[{"href":"https:\/\/cpgroup.fr\/index.php\/wp-json\/wp\/v2\/media?parent=8"}],"curies":[{"name":"wp","href":"https:\/\/api.w.org\/{rel}","templated":true}]}}