{"id":580,"date":"2025-04-15T16:27:48","date_gmt":"2025-04-15T14:27:48","guid":{"rendered":"http:\/\/cpgroup.fr\/?page_id=580"},"modified":"2025-05-07T14:30:51","modified_gmt":"2025-05-07T12:30:51","slug":"fermeture-et-serrurerie","status":"publish","type":"page","link":"https:\/\/cpgroup.fr\/index.php\/fermeture-et-serrurerie\/","title":{"rendered":"Fermeture"},"content":{"rendered":"\t\t<div data-elementor-type=\"wp-page\" data-elementor-id=\"580\" class=\"elementor elementor-580\">\n\t\t\t\t<div class=\"elementor-element elementor-element-a852293 e-flex e-con-boxed e-con e-parent\" data-id=\"a852293\" data-element_type=\"container\">\n\t\t\t\t\t<div class=\"e-con-inner\">\n\t\t\t\t<div class=\"elementor-element elementor-element-8445acf elementor-widget elementor-widget-heading\" data-id=\"8445acf\" data-element_type=\"widget\" data-widget_type=\"heading.default\">\n\t\t\t\t<div class=\"elementor-widget-container\">\n\t\t\t\t\t<h2 class=\"elementor-heading-title elementor-size-default\">Fermeture industrielle<\/h2>\t\t\t\t<\/div>\n\t\t\t\t<\/div>\n\t\t\t\t<div class=\"elementor-element elementor-element-149a449 elementor-widget elementor-widget-text-editor\" data-id=\"149a449\" data-element_type=\"widget\" data-widget_type=\"text-editor.default\">\n\t\t\t\t<div class=\"elementor-widget-container\">\n\t\t\t\t\t\t\t\t\t<p class=\"p1\">Chez <span class=\"s1\"><b>CPGROUP<\/b><\/span>, nous concevons, fabriquons, installons et assurons la maintenance de <span class=\"s1\"><b>syst\u00e8mes de fermeture adapt\u00e9s aux environnements industriels<\/b><\/span>.<\/p><p class=\"p2\"><span class=\"s2\">Nos interventions visent \u00e0 <\/span><b>garantir la s\u00e9curit\u00e9 des acc\u00e8s<\/b><span class=\"s2\">, \u00e0 <\/span><b>optimiser les flux logistiques<\/b><span class=\"s2\"> et \u00e0 renforcer la <\/span><b>protection des b\u00e2timents ou zones sensibles<\/b><span class=\"s2\">.<\/span><\/p>\t\t\t\t\t\t\t\t<\/div>\n\t\t\t\t<\/div>\n\t\t\t\t<div class=\"elementor-element elementor-element-2d59ebd elementor-widget elementor-widget-heading\" data-id=\"2d59ebd\" data-element_type=\"widget\" data-widget_type=\"heading.default\">\n\t\t\t\t<div class=\"elementor-widget-container\">\n\t\t\t\t\t<h2 class=\"elementor-heading-title elementor-size-default\">Nos prestations<\/h2>\t\t\t\t<\/div>\n\t\t\t\t<\/div>\n\t\t\t\t<div class=\"elementor-element elementor-element-5f139f4 elementor-widget elementor-widget-text-editor\" data-id=\"5f139f4\" data-element_type=\"widget\" data-widget_type=\"text-editor.default\">\n\t\t\t\t<div class=\"elementor-widget-container\">\n\t\t\t\t\t\t\t\t\t<h3><b>Fermetures m\u00e9talliques<\/b><\/h3><p>-Portails coulissants ou battants<\/p><p class=\"p1\">-Rideaux m\u00e9talliques motoris\u00e9s ou manuels<\/p><p class=\"p1\"><span class=\"s1\">-Portes techniques<\/span> : coupe-feu, blind\u00e9es, isothermes<\/p><p class=\"p1\"><b>&#8211;<\/b>Volets roulants industriels<\/p><p class=\"p1\">-Adaptation sur mesure aux contraintes de votre b\u00e2timent (hauteur, largeur, automatismes)<\/p><h3><b>Installation &amp; motorisation<\/b><\/h3><p>-Mise en place de syst\u00e8mes de <span class=\"s1\">motorisation int\u00e9gr\u00e9e<\/span><\/p><p class=\"p1\">-Connexion aux dispositifs de <span class=\"s1\">contr\u00f4le d\u2019acc\u00e8s<\/span> (digicode, badge, t\u00e9l\u00e9commande)<\/p><p class=\"p1\">-R\u00e9glages de s\u00e9curit\u00e9 (fin de course, capteurs, arr\u00eat d\u2019urgence)<\/p><h3><b>Maintenance &amp; d\u00e9pannage<\/b><\/h3><p>-Intervention rapide en cas de blocage ou panne<\/p><p class=\"p1\">-R\u00e9glage et remplacement de moteurs, cha\u00eenes, rails<\/p><p class=\"p1\">-Entretien pr\u00e9ventif pour prolonger la dur\u00e9e de vie des \u00e9quipements<\/p>\t\t\t\t\t\t\t\t<\/div>\n\t\t\t\t<\/div>\n\t\t\t\t\t<\/div>\n\t\t\t\t<\/div>\n\t\t\t\t<\/div>\n\t\t","protected":false},"excerpt":{"rendered":"<p>Fermeture industrielle Chez CPGROUP, nous concevons, fabriquons, installons et assurons la maintenance de syst\u00e8mes de fermeture adapt\u00e9s aux environnements industriels. Nos interventions visent \u00e0 garantir la s\u00e9curit\u00e9 des acc\u00e8s, \u00e0 optimiser les flux logistiques et \u00e0 renforcer la protection des b\u00e2timents ou zones sensibles. Nos prestations Fermetures m\u00e9talliques -Portails coulissants ou battants -Rideaux m\u00e9talliques motoris\u00e9s [&hellip;]<\/p>\n","protected":false},"author":1,"featured_media":0,"parent":0,"menu_order":0,"comment_status":"closed","ping_status":"closed","template":"","meta":{"ocean_post_layout":"","ocean_both_sidebars_style":"","ocean_both_sidebars_content_width":0,"ocean_both_sidebars_sidebars_width":0,"ocean_sidebar":"","ocean_second_sidebar":"","ocean_disable_margins":"enable","ocean_add_body_class":"","ocean_shortcode_before_top_bar":"","ocean_shortcode_after_top_bar":"","ocean_shortcode_before_header":"","ocean_shortcode_after_header":"","ocean_has_shortcode":"","ocean_shortcode_after_title":"","ocean_shortcode_before_footer_widgets":"","ocean_shortcode_after_footer_widgets":"","ocean_shortcode_before_footer_bottom":"","ocean_shortcode_after_footer_bottom":"","ocean_display_top_bar":"default","ocean_display_header":"default","ocean_header_style":"","ocean_center_header_left_menu":"","ocean_custom_header_template":"","ocean_custom_logo":0,"ocean_custom_retina_logo":0,"ocean_custom_logo_max_width":0,"ocean_custom_logo_tablet_max_width":0,"ocean_custom_logo_mobile_max_width":0,"ocean_custom_logo_max_height":0,"ocean_custom_logo_tablet_max_height":0,"ocean_custom_logo_mobile_max_height":0,"ocean_header_custom_menu":"","ocean_menu_typo_font_family":"","ocean_menu_typo_font_subset":"","ocean_menu_typo_font_size":0,"ocean_menu_typo_font_size_tablet":0,"ocean_menu_typo_font_size_mobile":0,"ocean_menu_typo_font_size_unit":"px","ocean_menu_typo_font_weight":"","ocean_menu_typo_font_weight_tablet":"","ocean_menu_typo_font_weight_mobile":"","ocean_menu_typo_transform":"","ocean_menu_typo_transform_tablet":"","ocean_menu_typo_transform_mobile":"","ocean_menu_typo_line_height":0,"ocean_menu_typo_line_height_tablet":0,"ocean_menu_typo_line_height_mobile":0,"ocean_menu_typo_line_height_unit":"","ocean_menu_typo_spacing":0,"ocean_menu_typo_spacing_tablet":0,"ocean_menu_typo_spacing_mobile":0,"ocean_menu_typo_spacing_unit":"","ocean_menu_link_color":"","ocean_menu_link_color_hover":"","ocean_menu_link_color_active":"","ocean_menu_link_background":"","ocean_menu_link_hover_background":"","ocean_menu_link_active_background":"","ocean_menu_social_links_bg":"","ocean_menu_social_hover_links_bg":"","ocean_menu_social_links_color":"","ocean_menu_social_hover_links_color":"","ocean_disable_title":"default","ocean_disable_heading":"default","ocean_post_title":"","ocean_post_subheading":"","ocean_post_title_style":"","ocean_post_title_background_color":"","ocean_post_title_background":0,"ocean_post_title_bg_image_position":"","ocean_post_title_bg_image_attachment":"","ocean_post_title_bg_image_repeat":"","ocean_post_title_bg_image_size":"","ocean_post_title_height":0,"ocean_post_title_bg_overlay":0.5,"ocean_post_title_bg_overlay_color":"","ocean_disable_breadcrumbs":"default","ocean_breadcrumbs_color":"","ocean_breadcrumbs_separator_color":"","ocean_breadcrumbs_links_color":"","ocean_breadcrumbs_links_hover_color":"","ocean_display_footer_widgets":"default","ocean_display_footer_bottom":"default","ocean_custom_footer_template":"","footnotes":""},"class_list":["post-580","page","type-page","status-publish","hentry","entry"],"yoast_head":"<!-- This site is optimized with the Yoast SEO plugin v25.2 - https:\/\/yoast.com\/wordpress\/plugins\/seo\/ -->\n<title>Fermeture - Une Solution Compl\u00e8te Pour Vos Besoins Industriels<\/title>\n<meta name=\"description\" content=\"CPGROUP, expert en maintenance industrielle, chaudronnerie, hydraulique, pneumatique et fermetures m\u00e9talliques, propose des solutions fiables, durables et sur-mesure. Am\u00e9liorez la performance de vos \u00e9quipements gr\u00e2ce \u00e0 un savoir-faire reconnu dans l\u2019industrie.\" \/>\n<meta name=\"robots\" content=\"index, follow, max-snippet:-1, max-image-preview:large, max-video-preview:-1\" \/>\n<link rel=\"canonical\" href=\"https:\/\/cpgroup.fr\/index.php\/fermeture-et-serrurerie\/\" \/>\n<meta property=\"og:locale\" content=\"fr_FR\" \/>\n<meta property=\"og:type\" content=\"article\" \/>\n<meta property=\"og:title\" content=\"Fermeture - Une Solution Compl\u00e8te Pour Vos Besoins Industriels\" \/>\n<meta property=\"og:description\" content=\"CPGROUP, expert en maintenance industrielle, chaudronnerie, hydraulique, pneumatique et fermetures m\u00e9talliques, propose des solutions fiables, durables et sur-mesure. Am\u00e9liorez la performance de vos \u00e9quipements gr\u00e2ce \u00e0 un savoir-faire reconnu dans l\u2019industrie.\" \/>\n<meta property=\"og:url\" content=\"https:\/\/cpgroup.fr\/index.php\/fermeture-et-serrurerie\/\" \/>\n<meta property=\"og:site_name\" content=\"CPGROUP\" \/>\n<meta property=\"article:publisher\" content=\"https:\/\/www.facebook.com\/cpgroupservicesindustrielhdf?locale=fr_FR\" \/>\n<meta property=\"article:modified_time\" content=\"2025-05-07T12:30:51+00:00\" \/>\n<meta property=\"og:image\" content=\"https:\/\/cpgroup.fr\/wp-content\/uploads\/2025\/04\/coeur-broderie-1.png\" \/>\n\t<meta property=\"og:image:width\" content=\"1295\" \/>\n\t<meta property=\"og:image:height\" content=\"599\" \/>\n\t<meta property=\"og:image:type\" content=\"image\/png\" \/>\n<meta name=\"twitter:card\" content=\"summary_large_image\" \/>\n<meta name=\"twitter:label1\" content=\"Dur\u00e9e de lecture estim\u00e9e\" \/>\n\t<meta name=\"twitter:data1\" content=\"1 minute\" \/>\n<script type=\"application\/ld+json\" class=\"yoast-schema-graph\">{\"@context\":\"https:\/\/schema.org\",\"@graph\":[{\"@type\":\"WebPage\",\"@id\":\"https:\/\/cpgroup.fr\/index.php\/fermeture-et-serrurerie\/\",\"url\":\"https:\/\/cpgroup.fr\/index.php\/fermeture-et-serrurerie\/\",\"name\":\"Fermeture - Une Solution Compl\u00e8te Pour Vos Besoins Industriels\",\"isPartOf\":{\"@id\":\"https:\/\/cpgroup.fr\/#website\"},\"datePublished\":\"2025-04-15T14:27:48+00:00\",\"dateModified\":\"2025-05-07T12:30:51+00:00\",\"description\":\"CPGROUP, expert en maintenance industrielle, chaudronnerie, hydraulique, pneumatique et fermetures m\u00e9talliques, propose des solutions fiables, durables et sur-mesure. Am\u00e9liorez la performance de vos \u00e9quipements gr\u00e2ce \u00e0 un savoir-faire reconnu dans l\u2019industrie.\",\"breadcrumb\":{\"@id\":\"https:\/\/cpgroup.fr\/index.php\/fermeture-et-serrurerie\/#breadcrumb\"},\"inLanguage\":\"fr-FR\",\"potentialAction\":[{\"@type\":\"ReadAction\",\"target\":[\"https:\/\/cpgroup.fr\/index.php\/fermeture-et-serrurerie\/\"]}]},{\"@type\":\"BreadcrumbList\",\"@id\":\"https:\/\/cpgroup.fr\/index.php\/fermeture-et-serrurerie\/#breadcrumb\",\"itemListElement\":[{\"@type\":\"ListItem\",\"position\":1,\"name\":\"Home\",\"item\":\"https:\/\/cpgroup.fr\/\"},{\"@type\":\"ListItem\",\"position\":2,\"name\":\"Fermeture\"}]},{\"@type\":\"WebSite\",\"@id\":\"https:\/\/cpgroup.fr\/#website\",\"url\":\"https:\/\/cpgroup.fr\/\",\"name\":\"CPGROUP\",\"description\":\"Une Solution Compl\u00e8te Pour Vos Besoins Industriels\",\"publisher\":{\"@id\":\"https:\/\/cpgroup.fr\/#organization\"},\"potentialAction\":[{\"@type\":\"SearchAction\",\"target\":{\"@type\":\"EntryPoint\",\"urlTemplate\":\"https:\/\/cpgroup.fr\/?s={search_term_string}\"},\"query-input\":{\"@type\":\"PropertyValueSpecification\",\"valueRequired\":true,\"valueName\":\"search_term_string\"}}],\"inLanguage\":\"fr-FR\"},{\"@type\":\"Organization\",\"@id\":\"https:\/\/cpgroup.fr\/#organization\",\"name\":\"CPGROUP\",\"url\":\"https:\/\/cpgroup.fr\/\",\"logo\":{\"@type\":\"ImageObject\",\"inLanguage\":\"fr-FR\",\"@id\":\"https:\/\/cpgroup.fr\/#\/schema\/logo\/image\/\",\"url\":\"http:\/\/cpgroup.fr\/wp-content\/uploads\/2025\/04\/coeur-broderie-1.png\",\"contentUrl\":\"http:\/\/cpgroup.fr\/wp-content\/uploads\/2025\/04\/coeur-broderie-1.png\",\"width\":1295,\"height\":599,\"caption\":\"CPGROUP\"},\"image\":{\"@id\":\"https:\/\/cpgroup.fr\/#\/schema\/logo\/image\/\"},\"sameAs\":[\"https:\/\/www.facebook.com\/cpgroupservicesindustrielhdf?locale=fr_FR\"]}]}<\/script>\n<!-- \/ Yoast SEO plugin. -->","yoast_head_json":{"title":"Fermeture - Une Solution Compl\u00e8te Pour Vos Besoins Industriels","description":"CPGROUP, expert en maintenance industrielle, chaudronnerie, hydraulique, pneumatique et fermetures m\u00e9talliques, propose des solutions fiables, durables et sur-mesure. Am\u00e9liorez la performance de vos \u00e9quipements gr\u00e2ce \u00e0 un savoir-faire reconnu dans l\u2019industrie.","robots":{"index":"index","follow":"follow","max-snippet":"max-snippet:-1","max-image-preview":"max-image-preview:large","max-video-preview":"max-video-preview:-1"},"canonical":"https:\/\/cpgroup.fr\/index.php\/fermeture-et-serrurerie\/","og_locale":"fr_FR","og_type":"article","og_title":"Fermeture - Une Solution Compl\u00e8te Pour Vos Besoins Industriels","og_description":"CPGROUP, expert en maintenance industrielle, chaudronnerie, hydraulique, pneumatique et fermetures m\u00e9talliques, propose des solutions fiables, durables et sur-mesure. Am\u00e9liorez la performance de vos \u00e9quipements gr\u00e2ce \u00e0 un savoir-faire reconnu dans l\u2019industrie.","og_url":"https:\/\/cpgroup.fr\/index.php\/fermeture-et-serrurerie\/","og_site_name":"CPGROUP","article_publisher":"https:\/\/www.facebook.com\/cpgroupservicesindustrielhdf?locale=fr_FR","article_modified_time":"2025-05-07T12:30:51+00:00","og_image":[{"width":1295,"height":599,"url":"https:\/\/cpgroup.fr\/wp-content\/uploads\/2025\/04\/coeur-broderie-1.png","type":"image\/png"}],"twitter_card":"summary_large_image","twitter_misc":{"Dur\u00e9e de lecture estim\u00e9e":"1 minute"},"schema":{"@context":"https:\/\/schema.org","@graph":[{"@type":"WebPage","@id":"https:\/\/cpgroup.fr\/index.php\/fermeture-et-serrurerie\/","url":"https:\/\/cpgroup.fr\/index.php\/fermeture-et-serrurerie\/","name":"Fermeture - Une Solution Compl\u00e8te Pour Vos Besoins Industriels","isPartOf":{"@id":"https:\/\/cpgroup.fr\/#website"},"datePublished":"2025-04-15T14:27:48+00:00","dateModified":"2025-05-07T12:30:51+00:00","description":"CPGROUP, expert en maintenance industrielle, chaudronnerie, hydraulique, pneumatique et fermetures m\u00e9talliques, propose des solutions fiables, durables et sur-mesure. Am\u00e9liorez la performance de vos \u00e9quipements gr\u00e2ce \u00e0 un savoir-faire reconnu dans l\u2019industrie.","breadcrumb":{"@id":"https:\/\/cpgroup.fr\/index.php\/fermeture-et-serrurerie\/#breadcrumb"},"inLanguage":"fr-FR","potentialAction":[{"@type":"ReadAction","target":["https:\/\/cpgroup.fr\/index.php\/fermeture-et-serrurerie\/"]}]},{"@type":"BreadcrumbList","@id":"https:\/\/cpgroup.fr\/index.php\/fermeture-et-serrurerie\/#breadcrumb","itemListElement":[{"@type":"ListItem","position":1,"name":"Home","item":"https:\/\/cpgroup.fr\/"},{"@type":"ListItem","position":2,"name":"Fermeture"}]},{"@type":"WebSite","@id":"https:\/\/cpgroup.fr\/#website","url":"https:\/\/cpgroup.fr\/","name":"CPGROUP","description":"Une Solution Compl\u00e8te Pour Vos Besoins Industriels","publisher":{"@id":"https:\/\/cpgroup.fr\/#organization"},"potentialAction":[{"@type":"SearchAction","target":{"@type":"EntryPoint","urlTemplate":"https:\/\/cpgroup.fr\/?s={search_term_string}"},"query-input":{"@type":"PropertyValueSpecification","valueRequired":true,"valueName":"search_term_string"}}],"inLanguage":"fr-FR"},{"@type":"Organization","@id":"https:\/\/cpgroup.fr\/#organization","name":"CPGROUP","url":"https:\/\/cpgroup.fr\/","logo":{"@type":"ImageObject","inLanguage":"fr-FR","@id":"https:\/\/cpgroup.fr\/#\/schema\/logo\/image\/","url":"http:\/\/cpgroup.fr\/wp-content\/uploads\/2025\/04\/coeur-broderie-1.png","contentUrl":"http:\/\/cpgroup.fr\/wp-content\/uploads\/2025\/04\/coeur-broderie-1.png","width":1295,"height":599,"caption":"CPGROUP"},"image":{"@id":"https:\/\/cpgroup.fr\/#\/schema\/logo\/image\/"},"sameAs":["https:\/\/www.facebook.com\/cpgroupservicesindustrielhdf?locale=fr_FR"]}]}},"_links":{"self":[{"href":"https:\/\/cpgroup.fr\/index.php\/wp-json\/wp\/v2\/pages\/580","targetHints":{"allow":["GET"]}}],"collection":[{"href":"https:\/\/cpgroup.fr\/index.php\/wp-json\/wp\/v2\/pages"}],"about":[{"href":"https:\/\/cpgroup.fr\/index.php\/wp-json\/wp\/v2\/types\/page"}],"author":[{"embeddable":true,"href":"https:\/\/cpgroup.fr\/index.php\/wp-json\/wp\/v2\/users\/1"}],"replies":[{"embeddable":true,"href":"https:\/\/cpgroup.fr\/index.php\/wp-json\/wp\/v2\/comments?post=580"}],"version-history":[{"count":10,"href":"https:\/\/cpgroup.fr\/index.php\/wp-json\/wp\/v2\/pages\/580\/revisions"}],"predecessor-version":[{"id":838,"href":"https:\/\/cpgroup.fr\/index.php\/wp-json\/wp\/v2\/pages\/580\/revisions\/838"}],"wp:attachment":[{"href":"https:\/\/cpgroup.fr\/index.php\/wp-json\/wp\/v2\/media?parent=580"}],"curies":[{"name":"wp","href":"https:\/\/api.w.org\/{rel}","templated":true}]}}