{"id":481,"date":"2025-04-11T10:36:04","date_gmt":"2025-04-11T08:36:04","guid":{"rendered":"http:\/\/cpgroup.fr\/?page_id=481"},"modified":"2025-05-07T14:22:40","modified_gmt":"2025-05-07T12:22:40","slug":"chaudronnerie","status":"publish","type":"page","link":"https:\/\/cpgroup.fr\/index.php\/chaudronnerie\/","title":{"rendered":"Chaudronnerie &amp; Serrurerie"},"content":{"rendered":"\t\t<div data-elementor-type=\"wp-page\" data-elementor-id=\"481\" class=\"elementor elementor-481\">\n\t\t\t\t<div class=\"elementor-element elementor-element-ccd13f2 e-flex e-con-boxed e-con e-parent\" data-id=\"ccd13f2\" data-element_type=\"container\">\n\t\t\t\t\t<div class=\"e-con-inner\">\n\t\t\t\t<div class=\"elementor-element elementor-element-33d4977 elementor-widget elementor-widget-heading\" data-id=\"33d4977\" data-element_type=\"widget\" data-widget_type=\"heading.default\">\n\t\t\t\t<div class=\"elementor-widget-container\">\n\t\t\t\t\t<h2 class=\"elementor-heading-title elementor-size-default\">Chaudronnerie industrielle\n<\/h2>\t\t\t\t<\/div>\n\t\t\t\t<\/div>\n\t\t\t\t<div class=\"elementor-element elementor-element-9ccab52 elementor-widget elementor-widget-text-editor\" data-id=\"9ccab52\" data-element_type=\"widget\" data-widget_type=\"text-editor.default\">\n\t\t\t\t<div class=\"elementor-widget-container\">\n\t\t\t\t\t\t\t\t\t<p class=\"p1\">Chez <span class=\"s1\"><b>CPGROUP<\/b><\/span>, la chaudronnerie industrielle fait partie int\u00e9grante de notre c\u0153ur de m\u00e9tier. Gr\u00e2ce \u00e0 notre ma\u00eetrise des techniques de transformation des m\u00e9taux et \u00e0 notre parc d\u2019\u00e9quipements performants, nous concevons, fabriquons et assemblons des pi\u00e8ces, sous-ensembles et structures m\u00e9talliques complexes, adapt\u00e9s aux exigences de vos projets industriels.<\/p><p class=\"p1\">Nous intervenons aussi bien pour des fabrications unitaires que pour des petites s\u00e9ries, avec des prestations sur mesure, r\u00e9alis\u00e9es dans le respect des normes de qualit\u00e9, de s\u00e9curit\u00e9 et de d\u00e9lais.<\/p>\t\t\t\t\t\t\t\t<\/div>\n\t\t\t\t<\/div>\n\t\t\t\t<div class=\"elementor-element elementor-element-87eaba6 elementor-widget elementor-widget-heading\" data-id=\"87eaba6\" data-element_type=\"widget\" data-widget_type=\"heading.default\">\n\t\t\t\t<div class=\"elementor-widget-container\">\n\t\t\t\t\t<h2 class=\"elementor-heading-title elementor-size-default\">Nos prestations en chaudronnerie<\/h2>\t\t\t\t<\/div>\n\t\t\t\t<\/div>\n\t\t\t\t<div class=\"elementor-element elementor-element-2d85ce2 elementor-widget elementor-widget-text-editor\" data-id=\"2d85ce2\" data-element_type=\"widget\" data-widget_type=\"text-editor.default\">\n\t\t\t\t<div class=\"elementor-widget-container\">\n\t\t\t\t\t\t\t\t\t<p class=\"p1\"><b>Chaudronnerie inox et acier<\/b><\/p><p class=\"p2\">Nous r\u00e9alisons tous types de pi\u00e8ces en inox, acier ou aluminium : cuves, gaines, ch\u00e2ssis, carters, \u00e9l\u00e9ments de tuyauterie ou enveloppes de machines.<\/p><p class=\"p1\"><b>Fabrication sur plan ou sur mesure<\/b><\/p><p class=\"p2\">Notre bureau d\u2019\u00e9tudes con\u00e7oit ou adapte vos projets pour r\u00e9pondre aux contraintes sp\u00e9cifiques de votre activit\u00e9. Nous assurons \u00e9galement la reproduction de pi\u00e8ces existantes \u00e0 l\u2019identique.<\/p><p class=\"p1\"><b>Assemblage m\u00e9cano-soud\u00e9<\/b><\/p><p class=\"p2\">Nos techniciens effectuent des assemblages pr\u00e9cis, alliant m\u00e9cano-soudure et structures de soutien robustes, pour des b\u00e2tis, tr\u00e9mies, supports, escaliers ou passerelles.<\/p><p class=\"p1\"><b>Finitions industrielles<\/b><\/p><p class=\"p2\">Nous assurons des finitions haut de gamme adapt\u00e9es \u00e0 vos contraintes d\u2019hygi\u00e8ne, de r\u00e9sistance ou d\u2019esth\u00e9tique :<\/p><p class=\"p2\">d\u00e9capage, passivation, polissage, zingage, thermolaquage, brunissage, t\u00e9flonage, etc.<\/p>\t\t\t\t\t\t\t\t<\/div>\n\t\t\t\t<\/div>\n\t\t\t\t<div class=\"elementor-element elementor-element-84131f5 elementor-widget elementor-widget-heading\" data-id=\"84131f5\" data-element_type=\"widget\" data-widget_type=\"heading.default\">\n\t\t\t\t<div class=\"elementor-widget-container\">\n\t\t\t\t\t<h2 class=\"elementor-heading-title elementor-size-default\">Notre savoir-faire<\/h2>\t\t\t\t<\/div>\n\t\t\t\t<\/div>\n\t\t\t\t\t<\/div>\n\t\t\t\t<\/div>\n\t\t<div class=\"elementor-element elementor-element-487458b e-flex e-con-boxed e-con e-parent\" data-id=\"487458b\" data-element_type=\"container\">\n\t\t\t\t\t<div class=\"e-con-inner\">\n\t\t\t\t<div class=\"elementor-element elementor-element-95b409a elementor-widget elementor-widget-text-editor\" data-id=\"95b409a\" data-element_type=\"widget\" data-widget_type=\"text-editor.default\">\n\t\t\t\t<div class=\"elementor-widget-container\">\n\t\t\t\t\t\t\t\t\t<p class=\"p1\">Nous travaillons <span class=\"s1\"><b>la plupart des m\u00e9taux<\/b><\/span> (acier, inox, aluminium) avec des techniques vari\u00e9es et ma\u00eetris\u00e9es :<\/p><ul><li><p class=\"p1\"><b>D\u00e9coupe laser, plasma, oxyd\u00e9coupage<\/b><\/p><\/li><li><p class=\"p1\"><b>Cintrage, pliage, roulage<\/b><\/p><\/li><li><p class=\"p1\"><b>Soudure MIG, TIG, ARC<\/b><\/p><\/li><li><p class=\"p1\"><b>Montage et ajustage pr\u00e9cis en atelier ou sur site<\/b><\/p><\/li><\/ul><p class=\"p1\">Notre expertise repose sur des ann\u00e9es d\u2019exp\u00e9rience terrain et une \u00e9quipe de techniciens polyvalents, capables de s\u2019adapter \u00e0 chaque cahier des charges industriel.<\/p>\t\t\t\t\t\t\t\t<\/div>\n\t\t\t\t<\/div>\n\t\t\t\t\t<\/div>\n\t\t\t\t<\/div>\n\t\t\t\t<\/div>\n\t\t","protected":false},"excerpt":{"rendered":"<p>Chaudronnerie industrielle Chez CPGROUP, la chaudronnerie industrielle fait partie int\u00e9grante de notre c\u0153ur de m\u00e9tier. Gr\u00e2ce \u00e0 notre ma\u00eetrise des techniques de transformation des m\u00e9taux et \u00e0 notre parc d\u2019\u00e9quipements performants, nous concevons, fabriquons et assemblons des pi\u00e8ces, sous-ensembles et structures m\u00e9talliques complexes, adapt\u00e9s aux exigences de vos projets industriels. Nous intervenons aussi bien pour [&hellip;]<\/p>\n","protected":false},"author":1,"featured_media":0,"parent":0,"menu_order":0,"comment_status":"closed","ping_status":"closed","template":"","meta":{"ocean_post_layout":"","ocean_both_sidebars_style":"","ocean_both_sidebars_content_width":0,"ocean_both_sidebars_sidebars_width":0,"ocean_sidebar":"","ocean_second_sidebar":"","ocean_disable_margins":"enable","ocean_add_body_class":"","ocean_shortcode_before_top_bar":"","ocean_shortcode_after_top_bar":"","ocean_shortcode_before_header":"","ocean_shortcode_after_header":"","ocean_has_shortcode":"","ocean_shortcode_after_title":"","ocean_shortcode_before_footer_widgets":"","ocean_shortcode_after_footer_widgets":"","ocean_shortcode_before_footer_bottom":"","ocean_shortcode_after_footer_bottom":"","ocean_display_top_bar":"default","ocean_display_header":"default","ocean_header_style":"","ocean_center_header_left_menu":"","ocean_custom_header_template":"","ocean_custom_logo":0,"ocean_custom_retina_logo":0,"ocean_custom_logo_max_width":0,"ocean_custom_logo_tablet_max_width":0,"ocean_custom_logo_mobile_max_width":0,"ocean_custom_logo_max_height":0,"ocean_custom_logo_tablet_max_height":0,"ocean_custom_logo_mobile_max_height":0,"ocean_header_custom_menu":"","ocean_menu_typo_font_family":"","ocean_menu_typo_font_subset":"","ocean_menu_typo_font_size":0,"ocean_menu_typo_font_size_tablet":0,"ocean_menu_typo_font_size_mobile":0,"ocean_menu_typo_font_size_unit":"px","ocean_menu_typo_font_weight":"","ocean_menu_typo_font_weight_tablet":"","ocean_menu_typo_font_weight_mobile":"","ocean_menu_typo_transform":"","ocean_menu_typo_transform_tablet":"","ocean_menu_typo_transform_mobile":"","ocean_menu_typo_line_height":0,"ocean_menu_typo_line_height_tablet":0,"ocean_menu_typo_line_height_mobile":0,"ocean_menu_typo_line_height_unit":"","ocean_menu_typo_spacing":0,"ocean_menu_typo_spacing_tablet":0,"ocean_menu_typo_spacing_mobile":0,"ocean_menu_typo_spacing_unit":"","ocean_menu_link_color":"","ocean_menu_link_color_hover":"","ocean_menu_link_color_active":"","ocean_menu_link_background":"","ocean_menu_link_hover_background":"","ocean_menu_link_active_background":"","ocean_menu_social_links_bg":"","ocean_menu_social_hover_links_bg":"","ocean_menu_social_links_color":"","ocean_menu_social_hover_links_color":"","ocean_disable_title":"default","ocean_disable_heading":"default","ocean_post_title":"","ocean_post_subheading":"","ocean_post_title_style":"","ocean_post_title_background_color":"","ocean_post_title_background":0,"ocean_post_title_bg_image_position":"","ocean_post_title_bg_image_attachment":"","ocean_post_title_bg_image_repeat":"","ocean_post_title_bg_image_size":"","ocean_post_title_height":0,"ocean_post_title_bg_overlay":0.5,"ocean_post_title_bg_overlay_color":"","ocean_disable_breadcrumbs":"default","ocean_breadcrumbs_color":"","ocean_breadcrumbs_separator_color":"","ocean_breadcrumbs_links_color":"","ocean_breadcrumbs_links_hover_color":"","ocean_display_footer_widgets":"default","ocean_display_footer_bottom":"default","ocean_custom_footer_template":"","footnotes":""},"class_list":["post-481","page","type-page","status-publish","hentry","entry"],"yoast_head":"<!-- This site is optimized with the Yoast SEO plugin v25.2 - https:\/\/yoast.com\/wordpress\/plugins\/seo\/ -->\n<title>Chaudronnerie &amp; Serrurerie - Une Solution Compl\u00e8te Pour Vos Besoins Industriels<\/title>\n<meta name=\"description\" content=\"CPGROUP, expert en maintenance industrielle, chaudronnerie, hydraulique, pneumatique et fermetures m\u00e9talliques, propose des solutions fiables, durables et sur-mesure. Am\u00e9liorez la performance de vos \u00e9quipements gr\u00e2ce \u00e0 un savoir-faire reconnu dans l\u2019industrie.\" \/>\n<meta name=\"robots\" content=\"index, follow, max-snippet:-1, max-image-preview:large, max-video-preview:-1\" \/>\n<link rel=\"canonical\" href=\"https:\/\/cpgroup.fr\/index.php\/chaudronnerie\/\" \/>\n<meta property=\"og:locale\" content=\"fr_FR\" \/>\n<meta property=\"og:type\" content=\"article\" \/>\n<meta property=\"og:title\" content=\"Chaudronnerie &amp; Serrurerie - Une Solution Compl\u00e8te Pour Vos Besoins Industriels\" \/>\n<meta property=\"og:description\" content=\"CPGROUP, expert en maintenance industrielle, chaudronnerie, hydraulique, pneumatique et fermetures m\u00e9talliques, propose des solutions fiables, durables et sur-mesure. Am\u00e9liorez la performance de vos \u00e9quipements gr\u00e2ce \u00e0 un savoir-faire reconnu dans l\u2019industrie.\" \/>\n<meta property=\"og:url\" content=\"https:\/\/cpgroup.fr\/index.php\/chaudronnerie\/\" \/>\n<meta property=\"og:site_name\" content=\"CPGROUP\" \/>\n<meta property=\"article:publisher\" content=\"https:\/\/www.facebook.com\/cpgroupservicesindustrielhdf?locale=fr_FR\" \/>\n<meta property=\"article:modified_time\" content=\"2025-05-07T12:22:40+00:00\" \/>\n<meta property=\"og:image\" content=\"https:\/\/cpgroup.fr\/wp-content\/uploads\/2025\/04\/coeur-broderie-1.png\" \/>\n\t<meta property=\"og:image:width\" content=\"1295\" \/>\n\t<meta property=\"og:image:height\" content=\"599\" \/>\n\t<meta property=\"og:image:type\" content=\"image\/png\" \/>\n<meta name=\"twitter:card\" content=\"summary_large_image\" \/>\n<meta name=\"twitter:label1\" content=\"Dur\u00e9e de lecture estim\u00e9e\" \/>\n\t<meta name=\"twitter:data1\" content=\"2 minutes\" \/>\n<script type=\"application\/ld+json\" class=\"yoast-schema-graph\">{\"@context\":\"https:\/\/schema.org\",\"@graph\":[{\"@type\":\"WebPage\",\"@id\":\"https:\/\/cpgroup.fr\/index.php\/chaudronnerie\/\",\"url\":\"https:\/\/cpgroup.fr\/index.php\/chaudronnerie\/\",\"name\":\"Chaudronnerie &amp; Serrurerie - Une Solution Compl\u00e8te Pour Vos Besoins Industriels\",\"isPartOf\":{\"@id\":\"https:\/\/cpgroup.fr\/#website\"},\"datePublished\":\"2025-04-11T08:36:04+00:00\",\"dateModified\":\"2025-05-07T12:22:40+00:00\",\"description\":\"CPGROUP, expert en maintenance industrielle, chaudronnerie, hydraulique, pneumatique et fermetures m\u00e9talliques, propose des solutions fiables, durables et sur-mesure. Am\u00e9liorez la performance de vos \u00e9quipements gr\u00e2ce \u00e0 un savoir-faire reconnu dans l\u2019industrie.\",\"breadcrumb\":{\"@id\":\"https:\/\/cpgroup.fr\/index.php\/chaudronnerie\/#breadcrumb\"},\"inLanguage\":\"fr-FR\",\"potentialAction\":[{\"@type\":\"ReadAction\",\"target\":[\"https:\/\/cpgroup.fr\/index.php\/chaudronnerie\/\"]}]},{\"@type\":\"BreadcrumbList\",\"@id\":\"https:\/\/cpgroup.fr\/index.php\/chaudronnerie\/#breadcrumb\",\"itemListElement\":[{\"@type\":\"ListItem\",\"position\":1,\"name\":\"Home\",\"item\":\"https:\/\/cpgroup.fr\/\"},{\"@type\":\"ListItem\",\"position\":2,\"name\":\"Chaudronnerie &amp; Serrurerie\"}]},{\"@type\":\"WebSite\",\"@id\":\"https:\/\/cpgroup.fr\/#website\",\"url\":\"https:\/\/cpgroup.fr\/\",\"name\":\"CPGROUP\",\"description\":\"Une Solution Compl\u00e8te Pour Vos Besoins Industriels\",\"publisher\":{\"@id\":\"https:\/\/cpgroup.fr\/#organization\"},\"potentialAction\":[{\"@type\":\"SearchAction\",\"target\":{\"@type\":\"EntryPoint\",\"urlTemplate\":\"https:\/\/cpgroup.fr\/?s={search_term_string}\"},\"query-input\":{\"@type\":\"PropertyValueSpecification\",\"valueRequired\":true,\"valueName\":\"search_term_string\"}}],\"inLanguage\":\"fr-FR\"},{\"@type\":\"Organization\",\"@id\":\"https:\/\/cpgroup.fr\/#organization\",\"name\":\"CPGROUP\",\"url\":\"https:\/\/cpgroup.fr\/\",\"logo\":{\"@type\":\"ImageObject\",\"inLanguage\":\"fr-FR\",\"@id\":\"https:\/\/cpgroup.fr\/#\/schema\/logo\/image\/\",\"url\":\"http:\/\/cpgroup.fr\/wp-content\/uploads\/2025\/04\/coeur-broderie-1.png\",\"contentUrl\":\"http:\/\/cpgroup.fr\/wp-content\/uploads\/2025\/04\/coeur-broderie-1.png\",\"width\":1295,\"height\":599,\"caption\":\"CPGROUP\"},\"image\":{\"@id\":\"https:\/\/cpgroup.fr\/#\/schema\/logo\/image\/\"},\"sameAs\":[\"https:\/\/www.facebook.com\/cpgroupservicesindustrielhdf?locale=fr_FR\"]}]}<\/script>\n<!-- \/ Yoast SEO plugin. -->","yoast_head_json":{"title":"Chaudronnerie &amp; Serrurerie - Une Solution Compl\u00e8te Pour Vos Besoins Industriels","description":"CPGROUP, expert en maintenance industrielle, chaudronnerie, hydraulique, pneumatique et fermetures m\u00e9talliques, propose des solutions fiables, durables et sur-mesure. Am\u00e9liorez la performance de vos \u00e9quipements gr\u00e2ce \u00e0 un savoir-faire reconnu dans l\u2019industrie.","robots":{"index":"index","follow":"follow","max-snippet":"max-snippet:-1","max-image-preview":"max-image-preview:large","max-video-preview":"max-video-preview:-1"},"canonical":"https:\/\/cpgroup.fr\/index.php\/chaudronnerie\/","og_locale":"fr_FR","og_type":"article","og_title":"Chaudronnerie &amp; Serrurerie - Une Solution Compl\u00e8te Pour Vos Besoins Industriels","og_description":"CPGROUP, expert en maintenance industrielle, chaudronnerie, hydraulique, pneumatique et fermetures m\u00e9talliques, propose des solutions fiables, durables et sur-mesure. Am\u00e9liorez la performance de vos \u00e9quipements gr\u00e2ce \u00e0 un savoir-faire reconnu dans l\u2019industrie.","og_url":"https:\/\/cpgroup.fr\/index.php\/chaudronnerie\/","og_site_name":"CPGROUP","article_publisher":"https:\/\/www.facebook.com\/cpgroupservicesindustrielhdf?locale=fr_FR","article_modified_time":"2025-05-07T12:22:40+00:00","og_image":[{"width":1295,"height":599,"url":"https:\/\/cpgroup.fr\/wp-content\/uploads\/2025\/04\/coeur-broderie-1.png","type":"image\/png"}],"twitter_card":"summary_large_image","twitter_misc":{"Dur\u00e9e de lecture estim\u00e9e":"2 minutes"},"schema":{"@context":"https:\/\/schema.org","@graph":[{"@type":"WebPage","@id":"https:\/\/cpgroup.fr\/index.php\/chaudronnerie\/","url":"https:\/\/cpgroup.fr\/index.php\/chaudronnerie\/","name":"Chaudronnerie &amp; Serrurerie - Une Solution Compl\u00e8te Pour Vos Besoins Industriels","isPartOf":{"@id":"https:\/\/cpgroup.fr\/#website"},"datePublished":"2025-04-11T08:36:04+00:00","dateModified":"2025-05-07T12:22:40+00:00","description":"CPGROUP, expert en maintenance industrielle, chaudronnerie, hydraulique, pneumatique et fermetures m\u00e9talliques, propose des solutions fiables, durables et sur-mesure. Am\u00e9liorez la performance de vos \u00e9quipements gr\u00e2ce \u00e0 un savoir-faire reconnu dans l\u2019industrie.","breadcrumb":{"@id":"https:\/\/cpgroup.fr\/index.php\/chaudronnerie\/#breadcrumb"},"inLanguage":"fr-FR","potentialAction":[{"@type":"ReadAction","target":["https:\/\/cpgroup.fr\/index.php\/chaudronnerie\/"]}]},{"@type":"BreadcrumbList","@id":"https:\/\/cpgroup.fr\/index.php\/chaudronnerie\/#breadcrumb","itemListElement":[{"@type":"ListItem","position":1,"name":"Home","item":"https:\/\/cpgroup.fr\/"},{"@type":"ListItem","position":2,"name":"Chaudronnerie &amp; Serrurerie"}]},{"@type":"WebSite","@id":"https:\/\/cpgroup.fr\/#website","url":"https:\/\/cpgroup.fr\/","name":"CPGROUP","description":"Une Solution Compl\u00e8te Pour Vos Besoins Industriels","publisher":{"@id":"https:\/\/cpgroup.fr\/#organization"},"potentialAction":[{"@type":"SearchAction","target":{"@type":"EntryPoint","urlTemplate":"https:\/\/cpgroup.fr\/?s={search_term_string}"},"query-input":{"@type":"PropertyValueSpecification","valueRequired":true,"valueName":"search_term_string"}}],"inLanguage":"fr-FR"},{"@type":"Organization","@id":"https:\/\/cpgroup.fr\/#organization","name":"CPGROUP","url":"https:\/\/cpgroup.fr\/","logo":{"@type":"ImageObject","inLanguage":"fr-FR","@id":"https:\/\/cpgroup.fr\/#\/schema\/logo\/image\/","url":"http:\/\/cpgroup.fr\/wp-content\/uploads\/2025\/04\/coeur-broderie-1.png","contentUrl":"http:\/\/cpgroup.fr\/wp-content\/uploads\/2025\/04\/coeur-broderie-1.png","width":1295,"height":599,"caption":"CPGROUP"},"image":{"@id":"https:\/\/cpgroup.fr\/#\/schema\/logo\/image\/"},"sameAs":["https:\/\/www.facebook.com\/cpgroupservicesindustrielhdf?locale=fr_FR"]}]}},"_links":{"self":[{"href":"https:\/\/cpgroup.fr\/index.php\/wp-json\/wp\/v2\/pages\/481","targetHints":{"allow":["GET"]}}],"collection":[{"href":"https:\/\/cpgroup.fr\/index.php\/wp-json\/wp\/v2\/pages"}],"about":[{"href":"https:\/\/cpgroup.fr\/index.php\/wp-json\/wp\/v2\/types\/page"}],"author":[{"embeddable":true,"href":"https:\/\/cpgroup.fr\/index.php\/wp-json\/wp\/v2\/users\/1"}],"replies":[{"embeddable":true,"href":"https:\/\/cpgroup.fr\/index.php\/wp-json\/wp\/v2\/comments?post=481"}],"version-history":[{"count":18,"href":"https:\/\/cpgroup.fr\/index.php\/wp-json\/wp\/v2\/pages\/481\/revisions"}],"predecessor-version":[{"id":886,"href":"https:\/\/cpgroup.fr\/index.php\/wp-json\/wp\/v2\/pages\/481\/revisions\/886"}],"wp:attachment":[{"href":"https:\/\/cpgroup.fr\/index.php\/wp-json\/wp\/v2\/media?parent=481"}],"curies":[{"name":"wp","href":"https:\/\/api.w.org\/{rel}","templated":true}]}}