{"id":40,"date":"2022-12-05T10:08:22","date_gmt":"2022-12-05T09:08:22","guid":{"rendered":"http:\/\/cpgroup.fr\/?page_id=40"},"modified":"2025-05-07T14:24:45","modified_gmt":"2025-05-07T12:24:45","slug":"pneumatique","status":"publish","type":"page","link":"https:\/\/cpgroup.fr\/index.php\/pneumatique\/","title":{"rendered":"Pneumatique"},"content":{"rendered":"\t\t<div data-elementor-type=\"wp-page\" data-elementor-id=\"40\" class=\"elementor elementor-40\">\n\t\t\t\t<div class=\"elementor-element elementor-element-6cdc023 e-flex e-con-boxed e-con e-parent\" data-id=\"6cdc023\" data-element_type=\"container\">\n\t\t\t\t\t<div class=\"e-con-inner\">\n\t\t\t\t<div class=\"elementor-element elementor-element-abd5894 elementor-widget elementor-widget-heading\" data-id=\"abd5894\" data-element_type=\"widget\" data-widget_type=\"heading.default\">\n\t\t\t\t<div class=\"elementor-widget-container\">\n\t\t\t\t\t<h2 class=\"elementor-heading-title elementor-size-default\"> Pneumatique industriel<\/h2>\t\t\t\t<\/div>\n\t\t\t\t<\/div>\n\t\t\t\t<div class=\"elementor-element elementor-element-d8172ff elementor-widget elementor-widget-text-editor\" data-id=\"d8172ff\" data-element_type=\"widget\" data-widget_type=\"text-editor.default\">\n\t\t\t\t<div class=\"elementor-widget-container\">\n\t\t\t\t\t\t\t\t\t<p class=\"p1\" style=\"font-style: normal; font-variant-caps: normal;\">Chez\u00a0<span class=\"s1\"><b>CPGROUP<\/b><\/span>, nous intervenons sur l\u2019ensemble de vos installations\u00a0<span class=\"s1\"><b>pneumatiques industrielles<\/b><\/span>\u00a0pour garantir un fonctionnement optimal de vos \u00e9quipements.<\/p>\n<p class=\"p1\" style=\"font-style: normal; font-variant-caps: normal;\">Nos techniciens sp\u00e9cialis\u00e9s assurent le\u00a0<span class=\"s1\"><b>diagnostic, la maintenance, la r\u00e9paration et l\u2019optimisation<\/b><\/span>\u00a0des syst\u00e8mes \u00e0 air comprim\u00e9, pour am\u00e9liorer la performance de vos lignes de production et r\u00e9duire les pertes d\u2019\u00e9nergie.<\/p>\n<p class=\"p1\" style=\"font-style: normal; font-variant-caps: normal;\">Qu\u2019il s\u2019agisse de compresseurs, de v\u00e9rins, de distributeurs ou de r\u00e9gulateurs, nous intervenons avec rigueur et r\u00e9activit\u00e9.<\/p>\t\t\t\t\t\t\t\t<\/div>\n\t\t\t\t<\/div>\n\t\t\t\t<div class=\"elementor-element elementor-element-ff9a570 elementor-widget elementor-widget-heading\" data-id=\"ff9a570\" data-element_type=\"widget\" data-widget_type=\"heading.default\">\n\t\t\t\t<div class=\"elementor-widget-container\">\n\t\t\t\t\t<h2 class=\"elementor-heading-title elementor-size-default\">Nos prestations en pneumatique<\/h2>\t\t\t\t<\/div>\n\t\t\t\t<\/div>\n\t\t\t\t<div class=\"elementor-element elementor-element-3fbf509 elementor-widget elementor-widget-text-editor\" data-id=\"3fbf509\" data-element_type=\"widget\" data-widget_type=\"text-editor.default\">\n\t\t\t\t<div class=\"elementor-widget-container\">\n\t\t\t\t\t\t\t\t\t<p class=\"p1\"><b>Installation d\u2019\u00e9quipements pneumatiques<\/b><\/p>\n<p class=\"p2\">Nous assurons la pose, le raccordement et le param\u00e9trage de vos composants : v\u00e9rins, filtres, lubrificateurs, vannes, tuyauteries, compresseurs, etc.<\/p>\n<p class=\"p1\"><b>Maintenance pr\u00e9ventive et curative<\/b><\/p>\n<p class=\"p2\">Nous r\u00e9alisons le contr\u00f4le, le nettoyage, le remplacement de pi\u00e8ces et le r\u00e9glage de vos syst\u00e8mes pour limiter l\u2019usure, \u00e9viter les fuites et pr\u00e9venir les pannes.<\/p>\n<p class=\"p1\"><b>Diagnostic de performance et fuites<\/b><\/p>\n<p class=\"p2\">Nous analysons les pertes de pression, les dysfonctionnements des composants et proposons des actions correctives pour maximiser le rendement de vos installations.<\/p>\n<p class=\"p1\"><b>Optimisation \u00e9nerg\u00e9tique<\/b><\/p>\n<p class=\"p2\">En am\u00e9liorant la gestion de vos r\u00e9seaux d\u2019air comprim\u00e9, nous vous aidons \u00e0 <span class=\"s1\"><b>r\u00e9duire la consommation \u00e9nerg\u00e9tique<\/b><\/span> et \u00e0 prolonger la dur\u00e9e de vie de vos \u00e9quipements.<\/p>\t\t\t\t\t\t\t\t<\/div>\n\t\t\t\t<\/div>\n\t\t\t\t<div class=\"elementor-element elementor-element-d142147 elementor-widget elementor-widget-heading\" data-id=\"d142147\" data-element_type=\"widget\" data-widget_type=\"heading.default\">\n\t\t\t\t<div class=\"elementor-widget-container\">\n\t\t\t\t\t<h2 class=\"elementor-heading-title elementor-size-default\">Notre savoir-faire technique<\/h2>\t\t\t\t<\/div>\n\t\t\t\t<\/div>\n\t\t\t\t\t<\/div>\n\t\t\t\t<\/div>\n\t\t<div class=\"elementor-element elementor-element-2f05aa3 e-flex e-con-boxed e-con e-parent\" data-id=\"2f05aa3\" data-element_type=\"container\">\n\t\t\t\t\t<div class=\"e-con-inner\">\n\t\t\t\t<div class=\"elementor-element elementor-element-ed3a411 elementor-widget elementor-widget-text-editor\" data-id=\"ed3a411\" data-element_type=\"widget\" data-widget_type=\"text-editor.default\">\n\t\t\t\t<div class=\"elementor-widget-container\">\n\t\t\t\t\t\t\t\t\t<p class=\"p1\">Nos interventions sont r\u00e9alis\u00e9es par des techniciens form\u00e9s aux technologies pneumatiques industrielles, capables d\u2019intervenir dans tous les secteurs : agroalimentaire, logistique, pharmaceutique, automobile, etc.<\/p>\n<p class=\"p1\">Nous travaillons avec des composants de qualit\u00e9 et adaptons chaque solution \u00e0 vos besoins sp\u00e9cifiques.<\/p>\n<p class=\"p1\">CPGROUP vous garantit des <span class=\"s1\"><b>interventions rapides, efficaces et s\u00e9curis\u00e9es<\/b><\/span>, dans le respect total des normes industrielles.<\/p>\t\t\t\t\t\t\t\t<\/div>\n\t\t\t\t<\/div>\n\t\t\t\t\t<\/div>\n\t\t\t\t<\/div>\n\t\t\t\t<\/div>\n\t\t","protected":false},"excerpt":{"rendered":"<p>Pneumatique industriel Chez\u00a0CPGROUP, nous intervenons sur l\u2019ensemble de vos installations\u00a0pneumatiques industrielles\u00a0pour garantir un fonctionnement optimal de vos \u00e9quipements. Nos techniciens sp\u00e9cialis\u00e9s assurent le\u00a0diagnostic, la maintenance, la r\u00e9paration et l\u2019optimisation\u00a0des syst\u00e8mes \u00e0 air comprim\u00e9, pour am\u00e9liorer la performance de vos lignes de production et r\u00e9duire les pertes d\u2019\u00e9nergie. Qu\u2019il s\u2019agisse de compresseurs, de v\u00e9rins, de distributeurs [&hellip;]<\/p>\n","protected":false},"author":1,"featured_media":0,"parent":0,"menu_order":0,"comment_status":"closed","ping_status":"closed","template":"","meta":{"ocean_post_layout":"","ocean_both_sidebars_style":"","ocean_both_sidebars_content_width":0,"ocean_both_sidebars_sidebars_width":0,"ocean_sidebar":"","ocean_second_sidebar":"","ocean_disable_margins":"enable","ocean_add_body_class":"","ocean_shortcode_before_top_bar":"","ocean_shortcode_after_top_bar":"","ocean_shortcode_before_header":"","ocean_shortcode_after_header":"","ocean_has_shortcode":"","ocean_shortcode_after_title":"","ocean_shortcode_before_footer_widgets":"","ocean_shortcode_after_footer_widgets":"","ocean_shortcode_before_footer_bottom":"","ocean_shortcode_after_footer_bottom":"","ocean_display_top_bar":"default","ocean_display_header":"default","ocean_header_style":"","ocean_center_header_left_menu":"","ocean_custom_header_template":"","ocean_custom_logo":0,"ocean_custom_retina_logo":0,"ocean_custom_logo_max_width":0,"ocean_custom_logo_tablet_max_width":0,"ocean_custom_logo_mobile_max_width":0,"ocean_custom_logo_max_height":0,"ocean_custom_logo_tablet_max_height":0,"ocean_custom_logo_mobile_max_height":0,"ocean_header_custom_menu":"","ocean_menu_typo_font_family":"","ocean_menu_typo_font_subset":"","ocean_menu_typo_font_size":0,"ocean_menu_typo_font_size_tablet":0,"ocean_menu_typo_font_size_mobile":0,"ocean_menu_typo_font_size_unit":"px","ocean_menu_typo_font_weight":"","ocean_menu_typo_font_weight_tablet":"","ocean_menu_typo_font_weight_mobile":"","ocean_menu_typo_transform":"","ocean_menu_typo_transform_tablet":"","ocean_menu_typo_transform_mobile":"","ocean_menu_typo_line_height":0,"ocean_menu_typo_line_height_tablet":0,"ocean_menu_typo_line_height_mobile":0,"ocean_menu_typo_line_height_unit":"","ocean_menu_typo_spacing":0,"ocean_menu_typo_spacing_tablet":0,"ocean_menu_typo_spacing_mobile":0,"ocean_menu_typo_spacing_unit":"","ocean_menu_link_color":"","ocean_menu_link_color_hover":"","ocean_menu_link_color_active":"","ocean_menu_link_background":"","ocean_menu_link_hover_background":"","ocean_menu_link_active_background":"","ocean_menu_social_links_bg":"","ocean_menu_social_hover_links_bg":"","ocean_menu_social_links_color":"","ocean_menu_social_hover_links_color":"","ocean_disable_title":"default","ocean_disable_heading":"default","ocean_post_title":"","ocean_post_subheading":"","ocean_post_title_style":"","ocean_post_title_background_color":"","ocean_post_title_background":0,"ocean_post_title_bg_image_position":"","ocean_post_title_bg_image_attachment":"","ocean_post_title_bg_image_repeat":"","ocean_post_title_bg_image_size":"","ocean_post_title_height":0,"ocean_post_title_bg_overlay":0.5,"ocean_post_title_bg_overlay_color":"","ocean_disable_breadcrumbs":"default","ocean_breadcrumbs_color":"","ocean_breadcrumbs_separator_color":"","ocean_breadcrumbs_links_color":"","ocean_breadcrumbs_links_hover_color":"","ocean_display_footer_widgets":"default","ocean_display_footer_bottom":"default","ocean_custom_footer_template":"","footnotes":""},"class_list":["post-40","page","type-page","status-publish","hentry","entry"],"yoast_head":"<!-- This site is optimized with the Yoast SEO plugin v25.2 - https:\/\/yoast.com\/wordpress\/plugins\/seo\/ -->\n<title>Pneumatique - Une Solution Compl\u00e8te Pour Vos Besoins Industriels<\/title>\n<meta name=\"description\" content=\"CPGROUP, expert en maintenance industrielle, chaudronnerie, hydraulique, pneumatique et fermetures m\u00e9talliques, propose des solutions fiables, durables et sur-mesure. Am\u00e9liorez la performance de vos \u00e9quipements gr\u00e2ce \u00e0 un savoir-faire reconnu dans l\u2019industrie.\" \/>\n<meta name=\"robots\" content=\"index, follow, max-snippet:-1, max-image-preview:large, max-video-preview:-1\" \/>\n<link rel=\"canonical\" href=\"https:\/\/cpgroup.fr\/index.php\/pneumatique\/\" \/>\n<meta property=\"og:locale\" content=\"fr_FR\" \/>\n<meta property=\"og:type\" content=\"article\" \/>\n<meta property=\"og:title\" content=\"Pneumatique - Une Solution Compl\u00e8te Pour Vos Besoins Industriels\" \/>\n<meta property=\"og:description\" content=\"CPGROUP, expert en maintenance industrielle, chaudronnerie, hydraulique, pneumatique et fermetures m\u00e9talliques, propose des solutions fiables, durables et sur-mesure. Am\u00e9liorez la performance de vos \u00e9quipements gr\u00e2ce \u00e0 un savoir-faire reconnu dans l\u2019industrie.\" \/>\n<meta property=\"og:url\" content=\"https:\/\/cpgroup.fr\/index.php\/pneumatique\/\" \/>\n<meta property=\"og:site_name\" content=\"CPGROUP\" \/>\n<meta property=\"article:publisher\" content=\"https:\/\/www.facebook.com\/cpgroupservicesindustrielhdf?locale=fr_FR\" \/>\n<meta property=\"article:modified_time\" content=\"2025-05-07T12:24:45+00:00\" \/>\n<meta property=\"og:image\" content=\"https:\/\/cpgroup.fr\/wp-content\/uploads\/2025\/04\/coeur-broderie-1.png\" \/>\n\t<meta property=\"og:image:width\" content=\"1295\" \/>\n\t<meta property=\"og:image:height\" content=\"599\" \/>\n\t<meta property=\"og:image:type\" content=\"image\/png\" \/>\n<meta name=\"twitter:card\" content=\"summary_large_image\" \/>\n<meta name=\"twitter:label1\" content=\"Dur\u00e9e de lecture estim\u00e9e\" \/>\n\t<meta name=\"twitter:data1\" content=\"2 minutes\" \/>\n<script type=\"application\/ld+json\" class=\"yoast-schema-graph\">{\"@context\":\"https:\/\/schema.org\",\"@graph\":[{\"@type\":\"WebPage\",\"@id\":\"https:\/\/cpgroup.fr\/index.php\/pneumatique\/\",\"url\":\"https:\/\/cpgroup.fr\/index.php\/pneumatique\/\",\"name\":\"Pneumatique - Une Solution Compl\u00e8te Pour Vos Besoins Industriels\",\"isPartOf\":{\"@id\":\"https:\/\/cpgroup.fr\/#website\"},\"datePublished\":\"2022-12-05T09:08:22+00:00\",\"dateModified\":\"2025-05-07T12:24:45+00:00\",\"description\":\"CPGROUP, expert en maintenance industrielle, chaudronnerie, hydraulique, pneumatique et fermetures m\u00e9talliques, propose des solutions fiables, durables et sur-mesure. Am\u00e9liorez la performance de vos \u00e9quipements gr\u00e2ce \u00e0 un savoir-faire reconnu dans l\u2019industrie.\",\"breadcrumb\":{\"@id\":\"https:\/\/cpgroup.fr\/index.php\/pneumatique\/#breadcrumb\"},\"inLanguage\":\"fr-FR\",\"potentialAction\":[{\"@type\":\"ReadAction\",\"target\":[\"https:\/\/cpgroup.fr\/index.php\/pneumatique\/\"]}]},{\"@type\":\"BreadcrumbList\",\"@id\":\"https:\/\/cpgroup.fr\/index.php\/pneumatique\/#breadcrumb\",\"itemListElement\":[{\"@type\":\"ListItem\",\"position\":1,\"name\":\"Home\",\"item\":\"https:\/\/cpgroup.fr\/\"},{\"@type\":\"ListItem\",\"position\":2,\"name\":\"Pneumatique\"}]},{\"@type\":\"WebSite\",\"@id\":\"https:\/\/cpgroup.fr\/#website\",\"url\":\"https:\/\/cpgroup.fr\/\",\"name\":\"CPGROUP\",\"description\":\"Une Solution Compl\u00e8te Pour Vos Besoins Industriels\",\"publisher\":{\"@id\":\"https:\/\/cpgroup.fr\/#organization\"},\"potentialAction\":[{\"@type\":\"SearchAction\",\"target\":{\"@type\":\"EntryPoint\",\"urlTemplate\":\"https:\/\/cpgroup.fr\/?s={search_term_string}\"},\"query-input\":{\"@type\":\"PropertyValueSpecification\",\"valueRequired\":true,\"valueName\":\"search_term_string\"}}],\"inLanguage\":\"fr-FR\"},{\"@type\":\"Organization\",\"@id\":\"https:\/\/cpgroup.fr\/#organization\",\"name\":\"CPGROUP\",\"url\":\"https:\/\/cpgroup.fr\/\",\"logo\":{\"@type\":\"ImageObject\",\"inLanguage\":\"fr-FR\",\"@id\":\"https:\/\/cpgroup.fr\/#\/schema\/logo\/image\/\",\"url\":\"http:\/\/cpgroup.fr\/wp-content\/uploads\/2025\/04\/coeur-broderie-1.png\",\"contentUrl\":\"http:\/\/cpgroup.fr\/wp-content\/uploads\/2025\/04\/coeur-broderie-1.png\",\"width\":1295,\"height\":599,\"caption\":\"CPGROUP\"},\"image\":{\"@id\":\"https:\/\/cpgroup.fr\/#\/schema\/logo\/image\/\"},\"sameAs\":[\"https:\/\/www.facebook.com\/cpgroupservicesindustrielhdf?locale=fr_FR\"]}]}<\/script>\n<!-- \/ Yoast SEO plugin. -->","yoast_head_json":{"title":"Pneumatique - Une Solution Compl\u00e8te Pour Vos Besoins Industriels","description":"CPGROUP, expert en maintenance industrielle, chaudronnerie, hydraulique, pneumatique et fermetures m\u00e9talliques, propose des solutions fiables, durables et sur-mesure. Am\u00e9liorez la performance de vos \u00e9quipements gr\u00e2ce \u00e0 un savoir-faire reconnu dans l\u2019industrie.","robots":{"index":"index","follow":"follow","max-snippet":"max-snippet:-1","max-image-preview":"max-image-preview:large","max-video-preview":"max-video-preview:-1"},"canonical":"https:\/\/cpgroup.fr\/index.php\/pneumatique\/","og_locale":"fr_FR","og_type":"article","og_title":"Pneumatique - Une Solution Compl\u00e8te Pour Vos Besoins Industriels","og_description":"CPGROUP, expert en maintenance industrielle, chaudronnerie, hydraulique, pneumatique et fermetures m\u00e9talliques, propose des solutions fiables, durables et sur-mesure. Am\u00e9liorez la performance de vos \u00e9quipements gr\u00e2ce \u00e0 un savoir-faire reconnu dans l\u2019industrie.","og_url":"https:\/\/cpgroup.fr\/index.php\/pneumatique\/","og_site_name":"CPGROUP","article_publisher":"https:\/\/www.facebook.com\/cpgroupservicesindustrielhdf?locale=fr_FR","article_modified_time":"2025-05-07T12:24:45+00:00","og_image":[{"width":1295,"height":599,"url":"https:\/\/cpgroup.fr\/wp-content\/uploads\/2025\/04\/coeur-broderie-1.png","type":"image\/png"}],"twitter_card":"summary_large_image","twitter_misc":{"Dur\u00e9e de lecture estim\u00e9e":"2 minutes"},"schema":{"@context":"https:\/\/schema.org","@graph":[{"@type":"WebPage","@id":"https:\/\/cpgroup.fr\/index.php\/pneumatique\/","url":"https:\/\/cpgroup.fr\/index.php\/pneumatique\/","name":"Pneumatique - Une Solution Compl\u00e8te Pour Vos Besoins Industriels","isPartOf":{"@id":"https:\/\/cpgroup.fr\/#website"},"datePublished":"2022-12-05T09:08:22+00:00","dateModified":"2025-05-07T12:24:45+00:00","description":"CPGROUP, expert en maintenance industrielle, chaudronnerie, hydraulique, pneumatique et fermetures m\u00e9talliques, propose des solutions fiables, durables et sur-mesure. Am\u00e9liorez la performance de vos \u00e9quipements gr\u00e2ce \u00e0 un savoir-faire reconnu dans l\u2019industrie.","breadcrumb":{"@id":"https:\/\/cpgroup.fr\/index.php\/pneumatique\/#breadcrumb"},"inLanguage":"fr-FR","potentialAction":[{"@type":"ReadAction","target":["https:\/\/cpgroup.fr\/index.php\/pneumatique\/"]}]},{"@type":"BreadcrumbList","@id":"https:\/\/cpgroup.fr\/index.php\/pneumatique\/#breadcrumb","itemListElement":[{"@type":"ListItem","position":1,"name":"Home","item":"https:\/\/cpgroup.fr\/"},{"@type":"ListItem","position":2,"name":"Pneumatique"}]},{"@type":"WebSite","@id":"https:\/\/cpgroup.fr\/#website","url":"https:\/\/cpgroup.fr\/","name":"CPGROUP","description":"Une Solution Compl\u00e8te Pour Vos Besoins Industriels","publisher":{"@id":"https:\/\/cpgroup.fr\/#organization"},"potentialAction":[{"@type":"SearchAction","target":{"@type":"EntryPoint","urlTemplate":"https:\/\/cpgroup.fr\/?s={search_term_string}"},"query-input":{"@type":"PropertyValueSpecification","valueRequired":true,"valueName":"search_term_string"}}],"inLanguage":"fr-FR"},{"@type":"Organization","@id":"https:\/\/cpgroup.fr\/#organization","name":"CPGROUP","url":"https:\/\/cpgroup.fr\/","logo":{"@type":"ImageObject","inLanguage":"fr-FR","@id":"https:\/\/cpgroup.fr\/#\/schema\/logo\/image\/","url":"http:\/\/cpgroup.fr\/wp-content\/uploads\/2025\/04\/coeur-broderie-1.png","contentUrl":"http:\/\/cpgroup.fr\/wp-content\/uploads\/2025\/04\/coeur-broderie-1.png","width":1295,"height":599,"caption":"CPGROUP"},"image":{"@id":"https:\/\/cpgroup.fr\/#\/schema\/logo\/image\/"},"sameAs":["https:\/\/www.facebook.com\/cpgroupservicesindustrielhdf?locale=fr_FR"]}]}},"_links":{"self":[{"href":"https:\/\/cpgroup.fr\/index.php\/wp-json\/wp\/v2\/pages\/40","targetHints":{"allow":["GET"]}}],"collection":[{"href":"https:\/\/cpgroup.fr\/index.php\/wp-json\/wp\/v2\/pages"}],"about":[{"href":"https:\/\/cpgroup.fr\/index.php\/wp-json\/wp\/v2\/types\/page"}],"author":[{"embeddable":true,"href":"https:\/\/cpgroup.fr\/index.php\/wp-json\/wp\/v2\/users\/1"}],"replies":[{"embeddable":true,"href":"https:\/\/cpgroup.fr\/index.php\/wp-json\/wp\/v2\/comments?post=40"}],"version-history":[{"count":6,"href":"https:\/\/cpgroup.fr\/index.php\/wp-json\/wp\/v2\/pages\/40\/revisions"}],"predecessor-version":[{"id":558,"href":"https:\/\/cpgroup.fr\/index.php\/wp-json\/wp\/v2\/pages\/40\/revisions\/558"}],"wp:attachment":[{"href":"https:\/\/cpgroup.fr\/index.php\/wp-json\/wp\/v2\/media?parent=40"}],"curies":[{"name":"wp","href":"https:\/\/api.w.org\/{rel}","templated":true}]}}