{"id":337,"date":"2025-04-09T17:14:07","date_gmt":"2025-04-09T15:14:07","guid":{"rendered":"http:\/\/cpgroup.fr\/?page_id=337"},"modified":"2025-05-07T14:34:46","modified_gmt":"2025-05-07T12:34:46","slug":"nous-rejoindre","status":"publish","type":"page","link":"https:\/\/cpgroup.fr\/index.php\/nous-rejoindre\/","title":{"rendered":"D\u00e9posez votre CV"},"content":{"rendered":"\t\t<div data-elementor-type=\"wp-page\" data-elementor-id=\"337\" class=\"elementor elementor-337\">\n\t\t\t\t<div class=\"elementor-element elementor-element-9d9ae41 e-flex e-con-boxed e-con e-parent\" data-id=\"9d9ae41\" data-element_type=\"container\">\n\t\t\t\t\t<div class=\"e-con-inner\">\n\t\t\t\t<div class=\"elementor-element elementor-element-e2e391f elementor-widget elementor-widget-heading\" data-id=\"e2e391f\" data-element_type=\"widget\" data-widget_type=\"heading.default\">\n\t\t\t\t<div class=\"elementor-widget-container\">\n\t\t\t\t\t<h2 class=\"elementor-heading-title elementor-size-default\"><br><br>Rejoignez CPGROUP et faites partie d\u2019une \u00e9quipe engag\u00e9e dans l\u2019industrie !<br><\/h2>\t\t\t\t<\/div>\n\t\t\t\t<\/div>\n\t\t\t\t\t<\/div>\n\t\t\t\t<\/div>\n\t\t<div class=\"elementor-element elementor-element-6cd25e6 e-flex e-con-boxed e-con e-parent\" data-id=\"6cd25e6\" data-element_type=\"container\">\n\t\t\t\t\t<div class=\"e-con-inner\">\n\t\t\t\t<div class=\"elementor-element elementor-element-a3ddd79 elementor-widget-divider--view-line elementor-widget elementor-widget-divider\" data-id=\"a3ddd79\" data-element_type=\"widget\" data-widget_type=\"divider.default\">\n\t\t\t\t<div class=\"elementor-widget-container\">\n\t\t\t\t\t\t\t<div class=\"elementor-divider\">\n\t\t\t<span class=\"elementor-divider-separator\">\n\t\t\t\t\t\t<\/span>\n\t\t<\/div>\n\t\t\t\t\t\t<\/div>\n\t\t\t\t<\/div>\n\t\t\t\t\t<\/div>\n\t\t\t\t<\/div>\n\t\t<div class=\"elementor-element elementor-element-ad4e3d6 e-flex e-con-boxed e-con e-parent\" data-id=\"ad4e3d6\" data-element_type=\"container\">\n\t\t\t\t\t<div class=\"e-con-inner\">\n\t\t\t\t<div class=\"elementor-element elementor-element-244b378 elementor-widget__width-inherit elementor-widget elementor-widget-image\" data-id=\"244b378\" data-element_type=\"widget\" data-widget_type=\"image.default\">\n\t\t\t\t<div class=\"elementor-widget-container\">\n\t\t\t\t\t\t\t\t\t\t\t\t\t\t\t<img fetchpriority=\"high\" decoding=\"async\" width=\"1024\" height=\"700\" src=\"https:\/\/cpgroup.fr\/wp-content\/uploads\/2025\/04\/5d9b49b572838023754c0a86c399efbb013b84b9cabc0deef4a8b55e79e94ae3-1024x700.webp\" class=\"attachment-ocean-thumb-l size-ocean-thumb-l wp-image-650\" alt=\"\" \/>\t\t\t\t\t\t\t\t\t\t\t\t\t\t\t<\/div>\n\t\t\t\t<\/div>\n\t\t\t\t\t<\/div>\n\t\t\t\t<\/div>\n\t\t<div class=\"elementor-element elementor-element-4aec437 e-flex e-con-boxed e-con e-parent\" data-id=\"4aec437\" data-element_type=\"container\">\n\t\t\t\t\t<div class=\"e-con-inner\">\n\t\t\t\t<div class=\"elementor-element elementor-element-0b5e33f elementor-widget-divider--view-line elementor-widget elementor-widget-divider\" data-id=\"0b5e33f\" data-element_type=\"widget\" data-widget_type=\"divider.default\">\n\t\t\t\t<div class=\"elementor-widget-container\">\n\t\t\t\t\t\t\t<div class=\"elementor-divider\">\n\t\t\t<span class=\"elementor-divider-separator\">\n\t\t\t\t\t\t<\/span>\n\t\t<\/div>\n\t\t\t\t\t\t<\/div>\n\t\t\t\t<\/div>\n\t\t\t\t<div class=\"elementor-element elementor-element-e45ae5a elementor-widget elementor-widget-text-editor\" data-id=\"e45ae5a\" data-element_type=\"widget\" data-widget_type=\"text-editor.default\">\n\t\t\t\t<div class=\"elementor-widget-container\">\n\t\t\t\t\t\t\t\t\t<p>Chez <span class=\"s1\"><b>CPGROUP<\/b><\/span>, nous sommes convaincus que la force d\u2019une entreprise r\u00e9side dans ses collaborateurs.<\/p><p>Nous recherchons r\u00e9guli\u00e8rement des profils motiv\u00e9s, rigoureux et passionn\u00e9s par le secteur industriel : techniciens, soudeurs, \u00e9lectriciens, hydrauliciens, agents de maintenance, charg\u00e9s d\u2019affaires, etc.<\/p>\t\t\t\t\t\t\t\t<\/div>\n\t\t\t\t<\/div>\n\t\t\t\t\t<\/div>\n\t\t\t\t<\/div>\n\t\t<div class=\"elementor-element elementor-element-46b9918 e-flex e-con-boxed e-con e-parent\" data-id=\"46b9918\" data-element_type=\"container\">\n\t\t\t\t\t<div class=\"e-con-inner\">\n\t\t\t\t<div class=\"elementor-element elementor-element-ef1ce5f elementor-widget-divider--view-line elementor-widget elementor-widget-divider\" data-id=\"ef1ce5f\" data-element_type=\"widget\" data-widget_type=\"divider.default\">\n\t\t\t\t<div class=\"elementor-widget-container\">\n\t\t\t\t\t\t\t<div class=\"elementor-divider\">\n\t\t\t<span class=\"elementor-divider-separator\">\n\t\t\t\t\t\t<\/span>\n\t\t<\/div>\n\t\t\t\t\t\t<\/div>\n\t\t\t\t<\/div>\n\t\t\t\t\t<\/div>\n\t\t\t\t<\/div>\n\t\t<div class=\"elementor-element elementor-element-0f87ce4 e-flex e-con-boxed e-con e-parent\" data-id=\"0f87ce4\" data-element_type=\"container\" data-settings=\"{&quot;background_background&quot;:&quot;classic&quot;}\">\n\t\t\t\t\t<div class=\"e-con-inner\">\n\t\t\t\t<div class=\"elementor-element elementor-element-cd64449 elementor-widget elementor-widget-shortcode\" data-id=\"cd64449\" data-element_type=\"widget\" data-widget_type=\"shortcode.default\">\n\t\t\t\t<div class=\"elementor-widget-container\">\n\t\t\t\t\t\t\t<div class=\"elementor-shortcode\"><div class=\"forminator-ui forminator-custom-form forminator-custom-form-646 forminator-design--default  forminator_ajax\" data-forminator-render=\"0\" data-form=\"forminator-module-646\" data-uid=\"69edc8fa64b80\"><br\/><\/div><form\n\t\t\t\tid=\"forminator-module-646\"\n\t\t\t\tclass=\"forminator-ui forminator-custom-form forminator-custom-form-646 forminator-design--default  forminator_ajax\"\n\t\t\t\tmethod=\"post\"\n\t\t\t\tdata-forminator-render=\"0\"\n\t\t\t\tdata-form-id=\"646\"\n\t\t\t\t\n\t\t\t\tdata-design=\"default\"\n\t\t\t\t\n\t\t\t\t\n\t\t\t\t\n\t\t\t\tdata-grid=\"open\"\n\t\t\t\tenctype=\"multipart\/form-data\"\n\t\t\t\t\n\t\t\t\tstyle=\"display: none;\"\n\t\t\t\t\n\t\t\t\tdata-uid=\"69edc8fa64b80\"\n\t\t\t><div role=\"alert\" aria-live=\"polite\" class=\"forminator-response-message forminator-error\" aria-hidden=\"true\"><\/div><div class=\"forminator-row\"><div id=\"name-1\" class=\"forminator-field-name forminator-col forminator-col-12 \"><div class=\"forminator-field\"><label for=\"forminator-field-name-1_69edc8fa64b80\" id=\"forminator-field-name-1_69edc8fa64b80-label\" class=\"forminator-label\">Nom<\/label><input type=\"text\" name=\"name-1\" value=\"\" placeholder=\"\" id=\"forminator-field-name-1_69edc8fa64b80\" class=\"forminator-input forminator-name--field\" aria-required=\"false\" \/><\/div><\/div><\/div><div class=\"forminator-row\"><div id=\"name-2\" class=\"forminator-field-name forminator-col forminator-col-12 \"><div class=\"forminator-field\"><label for=\"forminator-field-name-2_69edc8fa64b80\" id=\"forminator-field-name-2_69edc8fa64b80-label\" class=\"forminator-label\">Pr\u00e9nom<\/label><input type=\"text\" name=\"name-2\" value=\"\" placeholder=\"\" id=\"forminator-field-name-2_69edc8fa64b80\" class=\"forminator-input forminator-name--field\" aria-required=\"false\" \/><\/div><\/div><\/div><div class=\"forminator-row\"><div id=\"email-1\" class=\"forminator-field-email forminator-col forminator-col-12 \"><div class=\"forminator-field\"><label for=\"forminator-field-email-1_69edc8fa64b80\" id=\"forminator-field-email-1_69edc8fa64b80-label\" class=\"forminator-label\">Adresse de messagerie<\/label><input type=\"email\" name=\"email-1\" value=\"\" placeholder=\"\" id=\"forminator-field-email-1_69edc8fa64b80\" class=\"forminator-input forminator-email--field\" data-required=\"\" aria-required=\"false\" \/><\/div><\/div><\/div><div class=\"forminator-row\"><div id=\"phone-1\" class=\"forminator-field-phone forminator-col forminator-col-12 \"><div class=\"forminator-field\"><label for=\"forminator-field-phone-1_69edc8fa64b80\" id=\"forminator-field-phone-1_69edc8fa64b80-label\" class=\"forminator-label\">T\u00e9l\u00e9phone<\/label><input type=\"text\" name=\"phone-1\" value=\"\" placeholder=\"\" id=\"forminator-field-phone-1_69edc8fa64b80\" class=\"forminator-input forminator-field--phone\" data-required=\"\" aria-required=\"false\" autocomplete=\"off\" \/><\/div><\/div><\/div><div class=\"forminator-row\"><div id=\"textarea-1\" class=\"forminator-field-textarea forminator-col forminator-col-12 \"><div class=\"forminator-field\"><label for=\"forminator-field-textarea-1_69edc8fa64b80\" id=\"forminator-field-textarea-1_69edc8fa64b80-label\" class=\"forminator-label\">Message<\/label><textarea name=\"textarea-1\" placeholder=\"\" id=\"forminator-field-textarea-1_69edc8fa64b80\" class=\"forminator-textarea\" rows=\"6\" style=\"min-height:140px;\" ><\/textarea><\/div><\/div><\/div><div class=\"forminator-row\"><div id=\"upload-1\" class=\"forminator-field-upload forminator-col forminator-col-12 \"><div class=\"forminator-field\"><label for=\"forminator-field-upload-1_69edc8fa64b80\" id=\"forminator-field-upload-1_69edc8fa64b80-label\" class=\"forminator-label\">D\u00e9poser votre CV\/ lettre de motivation<\/label><div class=\"forminator-multi-upload \" data-element=\"upload-1_69edc8fa64b80\"><input type=\"file\" name=\"upload-1[]\" id=\"forminator-field-upload-1_69edc8fa64b80\" class=\"forminator-input-file forminator-field-upload-1_69edc8fa64b80-646\" multiple=\"multiple\" data-method=\"ajax\" accept=\".avif,.heif,.heics,.heifs,.wav,.x-wav,.doc,.docx,.odt,.pdf\" data-size=\"8000000\" data-size-message=\"Maximum file size allowed is 8 MB. \" data-filetype=\"avif|heif|heics|heifs|wav|x-wav|doc|docx|odt|pdf\" data-filetype-message=\"l\u2019extension de fichier n\u2019est pas autoris\u00e9e.\"><div class=\"forminator-multi-upload-message\" aria-hidden=\"true\"><span class=\"forminator-icon-upload\" aria-hidden=\"true\"><\/span><p>Glissez et d\u00e9posez (ou) <a class=\"forminator-upload-file--forminator-field-upload-1_69edc8fa64b80\" href=\"#\" onclick=\"return false;\">Choisissez des fichiers<\/a><\/p><\/div><\/div><ul class=\"forminator-uploaded-files upload-container-upload-1_69edc8fa64b80\"><\/ul><\/div><\/div><\/div><input type=\"hidden\" name=\"referer_url\" value=\"\" \/><div class=\"forminator-row forminator-row-last\"><div class=\"forminator-col\"><div class=\"forminator-field\"><button class=\"forminator-button forminator-button-submit\">Envoyer le message<\/button><\/div><\/div><\/div><input type=\"hidden\" id=\"forminator_nonce\" name=\"forminator_nonce\" value=\"e89f54d391\" \/><input type=\"hidden\" name=\"_wp_http_referer\" value=\"\/index.php\/wp-json\/wp\/v2\/pages\/337\" \/><input type=\"hidden\" name=\"form_id\" value=\"646\"><input type=\"hidden\" name=\"page_id\" value=\"337\"><input type=\"hidden\" name=\"form_type\" value=\"default\"><input type=\"hidden\" name=\"current_url\" value=\"https:\/\/cpgroup.fr\/index.php\/nous-rejoindre\/\"><input type=\"hidden\" name=\"render_id\" value=\"0\"><input type=\"hidden\" name=\"forminator-multifile-hidden\" class=\"forminator-multifile-hidden\"><input type=\"hidden\" name=\"action\" value=\"forminator_submit_form_custom-forms\"><\/form><\/div>\n\t\t\t\t\t\t<\/div>\n\t\t\t\t<\/div>\n\t\t\t\t\t<\/div>\n\t\t\t\t<\/div>\n\t\t\t\t<\/div>\n\t\t","protected":false},"excerpt":{"rendered":"<p>Rejoignez CPGROUP et faites partie d\u2019une \u00e9quipe engag\u00e9e dans l\u2019industrie ! Chez CPGROUP, nous sommes convaincus que la force d\u2019une entreprise r\u00e9side dans ses collaborateurs. Nous recherchons r\u00e9guli\u00e8rement des profils motiv\u00e9s, rigoureux et passionn\u00e9s par le secteur industriel : techniciens, soudeurs, \u00e9lectriciens, hydrauliciens, agents de maintenance, charg\u00e9s d\u2019affaires, etc.<\/p>\n","protected":false},"author":1,"featured_media":0,"parent":0,"menu_order":0,"comment_status":"closed","ping_status":"closed","template":"elementor_header_footer","meta":{"ocean_post_layout":"","ocean_both_sidebars_style":"","ocean_both_sidebars_content_width":0,"ocean_both_sidebars_sidebars_width":0,"ocean_sidebar":"","ocean_second_sidebar":"","ocean_disable_margins":"enable","ocean_add_body_class":"","ocean_shortcode_before_top_bar":"","ocean_shortcode_after_top_bar":"","ocean_shortcode_before_header":"","ocean_shortcode_after_header":"","ocean_has_shortcode":"","ocean_shortcode_after_title":"","ocean_shortcode_before_footer_widgets":"","ocean_shortcode_after_footer_widgets":"","ocean_shortcode_before_footer_bottom":"","ocean_shortcode_after_footer_bottom":"","ocean_display_top_bar":"default","ocean_display_header":"default","ocean_header_style":"","ocean_center_header_left_menu":"","ocean_custom_header_template":"","ocean_custom_logo":0,"ocean_custom_retina_logo":0,"ocean_custom_logo_max_width":0,"ocean_custom_logo_tablet_max_width":0,"ocean_custom_logo_mobile_max_width":0,"ocean_custom_logo_max_height":0,"ocean_custom_logo_tablet_max_height":0,"ocean_custom_logo_mobile_max_height":0,"ocean_header_custom_menu":"","ocean_menu_typo_font_family":"","ocean_menu_typo_font_subset":"","ocean_menu_typo_font_size":0,"ocean_menu_typo_font_size_tablet":0,"ocean_menu_typo_font_size_mobile":0,"ocean_menu_typo_font_size_unit":"px","ocean_menu_typo_font_weight":"","ocean_menu_typo_font_weight_tablet":"","ocean_menu_typo_font_weight_mobile":"","ocean_menu_typo_transform":"","ocean_menu_typo_transform_tablet":"","ocean_menu_typo_transform_mobile":"","ocean_menu_typo_line_height":0,"ocean_menu_typo_line_height_tablet":0,"ocean_menu_typo_line_height_mobile":0,"ocean_menu_typo_line_height_unit":"","ocean_menu_typo_spacing":0,"ocean_menu_typo_spacing_tablet":0,"ocean_menu_typo_spacing_mobile":0,"ocean_menu_typo_spacing_unit":"","ocean_menu_link_color":"","ocean_menu_link_color_hover":"","ocean_menu_link_color_active":"","ocean_menu_link_background":"","ocean_menu_link_hover_background":"","ocean_menu_link_active_background":"","ocean_menu_social_links_bg":"","ocean_menu_social_hover_links_bg":"","ocean_menu_social_links_color":"","ocean_menu_social_hover_links_color":"","ocean_disable_title":"default","ocean_disable_heading":"default","ocean_post_title":"","ocean_post_subheading":"","ocean_post_title_style":"","ocean_post_title_background_color":"","ocean_post_title_background":0,"ocean_post_title_bg_image_position":"","ocean_post_title_bg_image_attachment":"","ocean_post_title_bg_image_repeat":"","ocean_post_title_bg_image_size":"","ocean_post_title_height":0,"ocean_post_title_bg_overlay":0.5,"ocean_post_title_bg_overlay_color":"","ocean_disable_breadcrumbs":"default","ocean_breadcrumbs_color":"","ocean_breadcrumbs_separator_color":"","ocean_breadcrumbs_links_color":"","ocean_breadcrumbs_links_hover_color":"","ocean_display_footer_widgets":"default","ocean_display_footer_bottom":"default","ocean_custom_footer_template":"","footnotes":""},"class_list":["post-337","page","type-page","status-publish","hentry","entry"],"yoast_head":"<!-- This site is optimized with the Yoast SEO plugin v25.2 - https:\/\/yoast.com\/wordpress\/plugins\/seo\/ -->\n<title>D\u00e9posez votre CV - Une Solution Compl\u00e8te Pour Vos Besoins Industriels<\/title>\n<meta name=\"description\" content=\"CPGROUP, expert en maintenance industrielle, chaudronnerie, hydraulique, pneumatique et fermetures m\u00e9talliques, propose des solutions fiables, durables et sur-mesure. Am\u00e9liorez la performance de vos \u00e9quipements gr\u00e2ce \u00e0 un savoir-faire reconnu dans l\u2019industrie.\" \/>\n<meta name=\"robots\" content=\"index, follow, max-snippet:-1, max-image-preview:large, max-video-preview:-1\" \/>\n<link rel=\"canonical\" href=\"https:\/\/cpgroup.fr\/index.php\/nous-rejoindre\/\" \/>\n<meta property=\"og:locale\" content=\"fr_FR\" \/>\n<meta property=\"og:type\" content=\"article\" \/>\n<meta property=\"og:title\" content=\"D\u00e9posez votre CV - Une Solution Compl\u00e8te Pour Vos Besoins Industriels\" \/>\n<meta property=\"og:description\" content=\"CPGROUP, expert en maintenance industrielle, chaudronnerie, hydraulique, pneumatique et fermetures m\u00e9talliques, propose des solutions fiables, durables et sur-mesure. Am\u00e9liorez la performance de vos \u00e9quipements gr\u00e2ce \u00e0 un savoir-faire reconnu dans l\u2019industrie.\" \/>\n<meta property=\"og:url\" content=\"https:\/\/cpgroup.fr\/index.php\/nous-rejoindre\/\" \/>\n<meta property=\"og:site_name\" content=\"CPGROUP\" \/>\n<meta property=\"article:publisher\" content=\"https:\/\/www.facebook.com\/cpgroupservicesindustrielhdf?locale=fr_FR\" \/>\n<meta property=\"article:modified_time\" content=\"2025-05-07T12:34:46+00:00\" \/>\n<meta property=\"og:image\" content=\"http:\/\/cpgroup.fr\/wp-content\/uploads\/2025\/04\/5d9b49b572838023754c0a86c399efbb013b84b9cabc0deef4a8b55e79e94ae3-1024x700.webp\" \/>\n<meta name=\"twitter:card\" content=\"summary_large_image\" \/>\n<meta name=\"twitter:label1\" content=\"Dur\u00e9e de lecture estim\u00e9e\" \/>\n\t<meta name=\"twitter:data1\" content=\"1 minute\" \/>\n<script type=\"application\/ld+json\" class=\"yoast-schema-graph\">{\"@context\":\"https:\/\/schema.org\",\"@graph\":[{\"@type\":\"WebPage\",\"@id\":\"https:\/\/cpgroup.fr\/index.php\/nous-rejoindre\/\",\"url\":\"https:\/\/cpgroup.fr\/index.php\/nous-rejoindre\/\",\"name\":\"D\u00e9posez votre CV - Une Solution Compl\u00e8te Pour Vos Besoins Industriels\",\"isPartOf\":{\"@id\":\"https:\/\/cpgroup.fr\/#website\"},\"primaryImageOfPage\":{\"@id\":\"https:\/\/cpgroup.fr\/index.php\/nous-rejoindre\/#primaryimage\"},\"image\":{\"@id\":\"https:\/\/cpgroup.fr\/index.php\/nous-rejoindre\/#primaryimage\"},\"thumbnailUrl\":\"http:\/\/cpgroup.fr\/wp-content\/uploads\/2025\/04\/5d9b49b572838023754c0a86c399efbb013b84b9cabc0deef4a8b55e79e94ae3-1024x700.webp\",\"datePublished\":\"2025-04-09T15:14:07+00:00\",\"dateModified\":\"2025-05-07T12:34:46+00:00\",\"description\":\"CPGROUP, expert en maintenance industrielle, chaudronnerie, hydraulique, pneumatique et fermetures m\u00e9talliques, propose des solutions fiables, durables et sur-mesure. Am\u00e9liorez la performance de vos \u00e9quipements gr\u00e2ce \u00e0 un savoir-faire reconnu dans l\u2019industrie.\",\"breadcrumb\":{\"@id\":\"https:\/\/cpgroup.fr\/index.php\/nous-rejoindre\/#breadcrumb\"},\"inLanguage\":\"fr-FR\",\"potentialAction\":[{\"@type\":\"ReadAction\",\"target\":[\"https:\/\/cpgroup.fr\/index.php\/nous-rejoindre\/\"]}]},{\"@type\":\"ImageObject\",\"inLanguage\":\"fr-FR\",\"@id\":\"https:\/\/cpgroup.fr\/index.php\/nous-rejoindre\/#primaryimage\",\"url\":\"http:\/\/cpgroup.fr\/wp-content\/uploads\/2025\/04\/5d9b49b572838023754c0a86c399efbb013b84b9cabc0deef4a8b55e79e94ae3-1024x700.webp\",\"contentUrl\":\"http:\/\/cpgroup.fr\/wp-content\/uploads\/2025\/04\/5d9b49b572838023754c0a86c399efbb013b84b9cabc0deef4a8b55e79e94ae3-1024x700.webp\"},{\"@type\":\"BreadcrumbList\",\"@id\":\"https:\/\/cpgroup.fr\/index.php\/nous-rejoindre\/#breadcrumb\",\"itemListElement\":[{\"@type\":\"ListItem\",\"position\":1,\"name\":\"Home\",\"item\":\"https:\/\/cpgroup.fr\/\"},{\"@type\":\"ListItem\",\"position\":2,\"name\":\"D\u00e9posez votre CV\"}]},{\"@type\":\"WebSite\",\"@id\":\"https:\/\/cpgroup.fr\/#website\",\"url\":\"https:\/\/cpgroup.fr\/\",\"name\":\"CPGROUP\",\"description\":\"Une Solution Compl\u00e8te Pour Vos Besoins Industriels\",\"publisher\":{\"@id\":\"https:\/\/cpgroup.fr\/#organization\"},\"potentialAction\":[{\"@type\":\"SearchAction\",\"target\":{\"@type\":\"EntryPoint\",\"urlTemplate\":\"https:\/\/cpgroup.fr\/?s={search_term_string}\"},\"query-input\":{\"@type\":\"PropertyValueSpecification\",\"valueRequired\":true,\"valueName\":\"search_term_string\"}}],\"inLanguage\":\"fr-FR\"},{\"@type\":\"Organization\",\"@id\":\"https:\/\/cpgroup.fr\/#organization\",\"name\":\"CPGROUP\",\"url\":\"https:\/\/cpgroup.fr\/\",\"logo\":{\"@type\":\"ImageObject\",\"inLanguage\":\"fr-FR\",\"@id\":\"https:\/\/cpgroup.fr\/#\/schema\/logo\/image\/\",\"url\":\"http:\/\/cpgroup.fr\/wp-content\/uploads\/2025\/04\/coeur-broderie-1.png\",\"contentUrl\":\"http:\/\/cpgroup.fr\/wp-content\/uploads\/2025\/04\/coeur-broderie-1.png\",\"width\":1295,\"height\":599,\"caption\":\"CPGROUP\"},\"image\":{\"@id\":\"https:\/\/cpgroup.fr\/#\/schema\/logo\/image\/\"},\"sameAs\":[\"https:\/\/www.facebook.com\/cpgroupservicesindustrielhdf?locale=fr_FR\"]}]}<\/script>\n<!-- \/ Yoast SEO plugin. -->","yoast_head_json":{"title":"D\u00e9posez votre CV - Une Solution Compl\u00e8te Pour Vos Besoins Industriels","description":"CPGROUP, expert en maintenance industrielle, chaudronnerie, hydraulique, pneumatique et fermetures m\u00e9talliques, propose des solutions fiables, durables et sur-mesure. Am\u00e9liorez la performance de vos \u00e9quipements gr\u00e2ce \u00e0 un savoir-faire reconnu dans l\u2019industrie.","robots":{"index":"index","follow":"follow","max-snippet":"max-snippet:-1","max-image-preview":"max-image-preview:large","max-video-preview":"max-video-preview:-1"},"canonical":"https:\/\/cpgroup.fr\/index.php\/nous-rejoindre\/","og_locale":"fr_FR","og_type":"article","og_title":"D\u00e9posez votre CV - Une Solution Compl\u00e8te Pour Vos Besoins Industriels","og_description":"CPGROUP, expert en maintenance industrielle, chaudronnerie, hydraulique, pneumatique et fermetures m\u00e9talliques, propose des solutions fiables, durables et sur-mesure. Am\u00e9liorez la performance de vos \u00e9quipements gr\u00e2ce \u00e0 un savoir-faire reconnu dans l\u2019industrie.","og_url":"https:\/\/cpgroup.fr\/index.php\/nous-rejoindre\/","og_site_name":"CPGROUP","article_publisher":"https:\/\/www.facebook.com\/cpgroupservicesindustrielhdf?locale=fr_FR","article_modified_time":"2025-05-07T12:34:46+00:00","og_image":[{"url":"http:\/\/cpgroup.fr\/wp-content\/uploads\/2025\/04\/5d9b49b572838023754c0a86c399efbb013b84b9cabc0deef4a8b55e79e94ae3-1024x700.webp","type":"","width":"","height":""}],"twitter_card":"summary_large_image","twitter_misc":{"Dur\u00e9e de lecture estim\u00e9e":"1 minute"},"schema":{"@context":"https:\/\/schema.org","@graph":[{"@type":"WebPage","@id":"https:\/\/cpgroup.fr\/index.php\/nous-rejoindre\/","url":"https:\/\/cpgroup.fr\/index.php\/nous-rejoindre\/","name":"D\u00e9posez votre CV - Une Solution Compl\u00e8te Pour Vos Besoins Industriels","isPartOf":{"@id":"https:\/\/cpgroup.fr\/#website"},"primaryImageOfPage":{"@id":"https:\/\/cpgroup.fr\/index.php\/nous-rejoindre\/#primaryimage"},"image":{"@id":"https:\/\/cpgroup.fr\/index.php\/nous-rejoindre\/#primaryimage"},"thumbnailUrl":"http:\/\/cpgroup.fr\/wp-content\/uploads\/2025\/04\/5d9b49b572838023754c0a86c399efbb013b84b9cabc0deef4a8b55e79e94ae3-1024x700.webp","datePublished":"2025-04-09T15:14:07+00:00","dateModified":"2025-05-07T12:34:46+00:00","description":"CPGROUP, expert en maintenance industrielle, chaudronnerie, hydraulique, pneumatique et fermetures m\u00e9talliques, propose des solutions fiables, durables et sur-mesure. Am\u00e9liorez la performance de vos \u00e9quipements gr\u00e2ce \u00e0 un savoir-faire reconnu dans l\u2019industrie.","breadcrumb":{"@id":"https:\/\/cpgroup.fr\/index.php\/nous-rejoindre\/#breadcrumb"},"inLanguage":"fr-FR","potentialAction":[{"@type":"ReadAction","target":["https:\/\/cpgroup.fr\/index.php\/nous-rejoindre\/"]}]},{"@type":"ImageObject","inLanguage":"fr-FR","@id":"https:\/\/cpgroup.fr\/index.php\/nous-rejoindre\/#primaryimage","url":"http:\/\/cpgroup.fr\/wp-content\/uploads\/2025\/04\/5d9b49b572838023754c0a86c399efbb013b84b9cabc0deef4a8b55e79e94ae3-1024x700.webp","contentUrl":"http:\/\/cpgroup.fr\/wp-content\/uploads\/2025\/04\/5d9b49b572838023754c0a86c399efbb013b84b9cabc0deef4a8b55e79e94ae3-1024x700.webp"},{"@type":"BreadcrumbList","@id":"https:\/\/cpgroup.fr\/index.php\/nous-rejoindre\/#breadcrumb","itemListElement":[{"@type":"ListItem","position":1,"name":"Home","item":"https:\/\/cpgroup.fr\/"},{"@type":"ListItem","position":2,"name":"D\u00e9posez votre CV"}]},{"@type":"WebSite","@id":"https:\/\/cpgroup.fr\/#website","url":"https:\/\/cpgroup.fr\/","name":"CPGROUP","description":"Une Solution Compl\u00e8te Pour Vos Besoins Industriels","publisher":{"@id":"https:\/\/cpgroup.fr\/#organization"},"potentialAction":[{"@type":"SearchAction","target":{"@type":"EntryPoint","urlTemplate":"https:\/\/cpgroup.fr\/?s={search_term_string}"},"query-input":{"@type":"PropertyValueSpecification","valueRequired":true,"valueName":"search_term_string"}}],"inLanguage":"fr-FR"},{"@type":"Organization","@id":"https:\/\/cpgroup.fr\/#organization","name":"CPGROUP","url":"https:\/\/cpgroup.fr\/","logo":{"@type":"ImageObject","inLanguage":"fr-FR","@id":"https:\/\/cpgroup.fr\/#\/schema\/logo\/image\/","url":"http:\/\/cpgroup.fr\/wp-content\/uploads\/2025\/04\/coeur-broderie-1.png","contentUrl":"http:\/\/cpgroup.fr\/wp-content\/uploads\/2025\/04\/coeur-broderie-1.png","width":1295,"height":599,"caption":"CPGROUP"},"image":{"@id":"https:\/\/cpgroup.fr\/#\/schema\/logo\/image\/"},"sameAs":["https:\/\/www.facebook.com\/cpgroupservicesindustrielhdf?locale=fr_FR"]}]}},"_links":{"self":[{"href":"https:\/\/cpgroup.fr\/index.php\/wp-json\/wp\/v2\/pages\/337","targetHints":{"allow":["GET"]}}],"collection":[{"href":"https:\/\/cpgroup.fr\/index.php\/wp-json\/wp\/v2\/pages"}],"about":[{"href":"https:\/\/cpgroup.fr\/index.php\/wp-json\/wp\/v2\/types\/page"}],"author":[{"embeddable":true,"href":"https:\/\/cpgroup.fr\/index.php\/wp-json\/wp\/v2\/users\/1"}],"replies":[{"embeddable":true,"href":"https:\/\/cpgroup.fr\/index.php\/wp-json\/wp\/v2\/comments?post=337"}],"version-history":[{"count":25,"href":"https:\/\/cpgroup.fr\/index.php\/wp-json\/wp\/v2\/pages\/337\/revisions"}],"predecessor-version":[{"id":893,"href":"https:\/\/cpgroup.fr\/index.php\/wp-json\/wp\/v2\/pages\/337\/revisions\/893"}],"wp:attachment":[{"href":"https:\/\/cpgroup.fr\/index.php\/wp-json\/wp\/v2\/media?parent=337"}],"curies":[{"name":"wp","href":"https:\/\/api.w.org\/{rel}","templated":true}]}}